{"id":514,"date":"2016-12-31T12:26:21","date_gmt":"2016-12-31T11:26:21","guid":{"rendered":"http:\/\/www.orton-gillingham.fr\/?page_id=514"},"modified":"2020-05-17T15:30:06","modified_gmt":"2020-05-17T14:30:06","slug":"questions-reponses","status":"publish","type":"page","link":"https:\/\/www.orton-gillingham.fr\/?page_id=514&lang=fr","title":{"rendered":"Questions &#038; r\u00e9ponses"},"content":{"rendered":"<p><strong>A lire avant de vous inscrire \u00e0 nos formations professionnelles OML\u2026<\/strong><\/p>\n<p><strong><em># Quelle formation suivre ?<br \/>\n<\/em><\/strong>Nous proposons deux formations e-learning pour les accompagnateurs d&rsquo;enfants \u00e0 partir de 5 ans (la m\u00e9thode peut s&rsquo;adapter aux adultes) :<\/p>\n<ul>\n<li>En langue anglaise (anglais am\u00e9ricain)<\/li>\n<li>En langue fran\u00e7aise<\/li>\n<\/ul>\n<p>Cette formation est unique car elle s&rsquo;appuie sur la ma\u00eetrise de deux outils p\u00e9dagogiques largement r\u00e9pandus depuis plus de 100 ans.<\/p>\n<p>Notre service Ressources Humaines, \u00e9tudie toute candidature afin de proposer un cursus de formation coh\u00e9rent pour votre profil et en fonction de vos objectifs professionnels.<\/p>\n<p><strong><em># Qu\u2019est-ce qu\u2019une formation en e-learning ?<br \/>\n<\/em><\/strong>C\u2019est une formation qui se fait depuis votre ordinateur ou votre tablette num\u00e9rique et qui vous permet de visualiser les contenus, de prendre des notes et de r\u00e9pondre \u00e0 des questions, dans certains modules.<\/p>\n<p>Ce n\u2019est pas un cours par correspondance : nous ne vous envoyons rien du tout, ni cours, ni dvd, ni CD. C&rsquo;est bien plus que cela, soit un outil moderne de formation \u00e0 distance, avec du contenu pointu et pertinent gr\u00e2ce aux vid\u00e9os et diaporamas, entre autres. Actuellement peu de formations e-learning\u00a0 proposent ainsi un v\u00e9ritable accompagnement personnalis\u00e9 au travers des corrections individuelles et de r\u00e9ponses apport\u00e9es \u00e0 vos questions directement sur la plateforme interactive de formation.<\/p>\n<p><strong><em># Quels sont les avantages d\u2019une formation e-learning ?<\/em><\/strong><\/p>\n<p>Ce mode d\u2019apprentissage est assez r\u00e9cent et tant \u00e0 se d\u00e9velopper pour :<\/p>\n<ul>\n<li>palier aux contraintes de d\u00e9placement sur un lieu de formation, \u00e0 un moment pr\u00e9cis,<\/li>\n<li>faire \u00e9conomiser, temps, argent et \u00e9nergie \u00e0 l\u2019apprenant,<\/li>\n<li>participer \u00e0 une d\u00e9marche \u00e9cologique et durable,<\/li>\n<li>\u00eatre moins cher,<\/li>\n<li>\u00e9tendre le savoir g\u00e9ographiquement,<\/li>\n<li>permettre \u00e0 une population pour laquelle l\u2019acc\u00e8s physique et \u00e9conomique \u00e9tait impossible,<\/li>\n<li>\u00e9tendre le r\u00e9seau de partenaires.<\/li>\n<\/ul>\n<p><span style=\"color: #ff0000;\">En mars 2020, les fran\u00e7ais (parents, enseignants, tous les accompagnants de l&rsquo;enfance) d\u00e9couvrent le e-learning, l&rsquo;enseignement par vid\u00e9o, l&rsquo;entretien par vid\u00e9o dans un contexte de panique totale. La plupart \u00e9taient r\u00e9ticents et donc pas comp\u00e9tents ni pr\u00e9par\u00e9s. M\u00eame les financeurs fran\u00e7ais (et donc organismes de formation) ne connaissent pas le e-learning qui consiste \u00e0 monter des formations effectu\u00e9es \u00e0 distance et n&rsquo;en voulaient pas.<br \/>\nCe qui est propos\u00e9 actuellement dans la panique de la pand\u00e9mie ne sont\u00a0 pas des cours\u00a0 pr\u00e9vus pour \u00eatre \u00e0 distance. Dans le meilleur des cas, c<\/span><span style=\"color: #ff0000;\">&lsquo;est une cam\u00e9ra mise dans une salle vide, face \u00e0 l&rsquo;intervenant ou ce sont des professeurs qui parlent devant leur \u00e9cran partag\u00e9, ce qui n&rsquo;a rien \u00e0 voir avec un cursus con\u00e7u pour que l&rsquo;apprenant soit confortable et autonome.<\/span><\/p>\n<p><strong><em># Combien y a-t-il de vid\u00e9os ?<br \/>\n<\/em><\/strong>Nous ajoutons en permanence du contenu pertinent \u00e0 nos formations \u00e0 distance. La consultante p\u00e9dagogique est sur le terrain en permanence et souhaite donc que la formation soit actuelle et vivante. C\u2019est ce qu\u2019elle partage sur ce LMS, fruit des ses 20 ans d\u2019exp\u00e9riences p\u00e9dagogiques et son quotidien.<\/p>\n<p>Le nombre de le\u00e7ons varie selon les modules. Faites-nous confiance, nous avons mis suffisamment de contenus, mais ne souhaitons pas vous submerger non plus.<\/p>\n<p>Notre exp\u00e9rience de formateurs depuis des ann\u00e9es nous est utile pour vous proposer plut\u00f4t plus que moins. Le contenu de la formation est conforme aux programmes de l&rsquo;Education Nationale fran\u00e7aise.<\/p>\n<p>Ce sont des centaines de le\u00e7ons, de vid\u00e9os et de fichiers audio ainsi que des milliers de photos (en photomontage d\u00e9taill\u00e9) qui sont \u00e0 votre disposition.<\/p>\n<p><strong><em># Pourquoi les stagiaires nous choisissent-ils ?<br \/>\n1) Nous avons une cr\u00e9dibilit\u00e9 et une consistance, sans opportunisme<br \/>\n<\/em><\/strong>Depuis 1995, nous sommes investis dans la p\u00e9dagogie Montessori en France (et \u00e0 l\u2019\u00e9tranger).<\/p>\n<p>En 2014, nous avons ouvert les premi\u00e8res formation en e-learning sur la p\u00e9dagogie montessori et depuis nous avons eu plus de 700 personnes qui se sont inscrites \u00e0 nos formations.<\/p>\n<p>Cette nouvelle offre est ind\u00e9pendante de celle de l&rsquo;Acad\u00e9mie TMF car elle est une ouverture sur les p\u00e9dagogies nouvelles.<\/p>\n<p><em><strong>2) Acc\u00e8s et modernit\u00e9 de nos formations\u00a0<\/strong><\/em><strong><em><br \/>\n<\/em><\/strong>Les francophones vivants dans les DOM-TOM-COM, en Belgique, Suisse, Afrique et Qu\u00e9bec r\u00e9clament des formations \u00e0 distance. Les frais \u00e0 engager sont consid\u00e9rables, sans compter l\u2019absence prolong\u00e9e loin de la famille impos\u00e9e par des formations longues et co\u00fbteuses. Avec la formation e-learning, la plupart des obstacles sont lev\u00e9s.<\/p>\n<p>La formation \u00e0 distance permet de lisser les attentes et engagements des uns et des autres. Si vous voulez passer du temps pour approfondir une le\u00e7on, vous le pouvez car la formation en e-learning est la v\u00f4tre. Elle est individuelle, vous progresserez \u00e0 votre rythme, selon vos besoins. Vous vous investirez dans un sujet qui vous tient \u00e0 coeur ou vous survolerez la formation. C\u2019est votre formation, pas la n\u00f4tre.<\/p>\n<p>Nous proposons un nouveau concept, ayez l\u2019esprit ouvert et allez de l\u2019avant !<\/p>\n<p><strong><em># Quelle est la dur\u00e9e de la formation ?<br \/>\n<\/em><\/strong>Vous avez acc\u00e8s au cours pour lequel vous vous \u00eates inscrit durant 12 mois pleins. La dur\u00e9e r\u00e9elle de votre formation sera celle que vous d\u00e9ciderez puisque vous planifiez votre progression, votre temps de travail. Certaines personnes commencent d\u00e8s le lendemain de leur inscription, d\u2019autres plus tard.<br \/>\nUn responsable qualit\u00e9 travaille en permanence sur le projet et note aussi les temps minimum pour effectuer chaque module de chaque niveau.<br \/>\nNous ne pouvons donner par cons\u00e9quent qu\u2019une fourchette approximative de temps minimum pour chaque module.<\/p>\n<p>Nous conseillons vivement de ne pas trop \u00e9taler la formation, car on perd en efficacit\u00e9 si on espace trop l\u2019apprentissage. Nous proposons de terminer le module anglais en 4 mois et le module fran\u00e7ais en 4 mois \u00e9galement.<\/p>\n<p><strong><em># Faut-il d\u00e9j\u00e0 \u00eatre enseignant pour pouvoir suivre le module anglais et le module fran\u00e7ais?<\/em><\/strong><br \/>\nLe module anglais s&rsquo;adresse \u00e0 des personnes ayant des bases solides en anglais (niveau bac minimum) car tout le contenu est en langue am\u00e9ricaine.<\/p>\n<p>Le module fran\u00e7ais s&rsquo;adresse \u00e0 tous.<\/p>\n<p><strong><em># Quels sont les supports auxquels nous avons acc\u00e8s lors des formations ?<\/em><\/strong><br \/>\nVous avez acc\u00e8s \u00e0 des centaines de documents supports de la formation : textes, audio, vid\u00e9os, diaporamas. Ces informations sont accessibles depuis votre ordinateur, 24h\/24 durant une ann\u00e9e. Attention : vous avez un droit d\u2019acc\u00e8s aux informations mais n\u2019en \u00eates pas d\u00e9tenteur pour autant. Vous concevez vos documents p\u00e9dagogiques personnalis\u00e9s \u00e0 partir de notre contenu.<\/p>\n<p>Attention, il ne suffit pas de payer et de se \u00ab\u00a0balader\u00a0\u00bb de document en document. Une v\u00e9ritable concentration, et un v\u00e9ritable travail personnel et r\u00e9gulier sont obligatoires pour acc\u00e9der \u00e0 une formation utile.<\/p>\n<p><strong><em># Que re\u00e7oit-on \u00e0 l&rsquo;issue de la formation e-learning ?<\/em><\/strong><\/p>\n<p>Nous vous envoyons une attestation de formation, par email. Elle est individuelle et reprend le nombre d&rsquo;heures effectu\u00e9es.<\/p>\n<p><strong><em># Qui acceptez-vous dans vos formations ?<\/em><\/strong><br \/>\nNous acceptons toutes les personnes motiv\u00e9es et ne s\u00e9lectionnons ni sur un dipl\u00f4me, ni sur l\u2019\u00e2ge. Il faut lire, \u00e9crire et parler parfaitement la langue fran\u00e7aise pour acc\u00e9der au potentiel de nos cursus en ligne.<\/p>\n<p>Pour le module anglais, il faut avoir un niveau en anglais correspondant aux acquis lors de l&rsquo;enseignement au lyc\u00e9e fran\u00e7ais.<\/p>\n<p>Il faut en outre, savoir bien utiliser les programmes informatiques et avoir un ordinateur et une liaison internet \u00e0 haut d\u00e9bit. Si vous n\u2019utilisez pas l\u2019ordinateur depuis plusieurs ann\u00e9es, il vaut mieux vous tourner vers un autre type de formation.<\/p>\n<p>Nous appr\u00e9cions les personnes qui s\u2019adressent \u00e0 nous avec amabilit\u00e9 et se comportent de fa\u00e7on coh\u00e9rente\u2026 Nous nous r\u00e9servons le droit de ne pas accepter certains dossier d&rsquo;inscription et vous en ferons part.<\/p>\n<p><strong><em># Peut-on utiliser la m\u00e9thode OML d\u00e8s l&rsquo;issue de la formation\u00a0 ?<\/em><\/strong><br \/>\nOui, nous concevons nos formations avec cet objectif qui est de vous permettre de guider des enfants dans une structure \u00e9ducative quelle qu\u2019elle soit. Nous vous conseillons m\u00eame de vous exercer d\u00e8s le d\u00e9but de la formation. Avec ou sans v\u00e9ritable \u00ab\u00a0apprenant\u00a0\u00bb. Entra\u00eenez-vous !<\/p>\n<p><strong><em># Comment se passe l\u2019inscription \u00e0 vos formations ?<\/em><\/strong><\/p>\n<p>Apr\u00e8s acceptation de votre candidature par \u00e9change d&#8217;email, nous vous envoyons le contrat que vous nous renvoyez sign\u00e9 puis vous payez la formation. Attention, les virements bancaire ne s&rsquo;affichent qu&rsquo;entre le mardi matin et le vendredi matin, cela signifie que si vous effectuez un virement le vendredi midi, il ne sera affich\u00e9 sur notre compte bancaire que le mardi matin (adressez-vous aux banques &#8230;).<\/p>\n<p><strong><em>#\u00a0Comment financer ma formation\u00a0 ?<br \/>\n<\/em><\/strong>Il faut payer en ligne au moment de l\u2019inscription. Nous vous laissons le soin de trouvez un financeur mais nous ne sommes pas organis\u00e9s ni \u00e9quip\u00e9s pour traiter les proc\u00e9dures administratives longues impos\u00e9es actuellement par le syst\u00e8me. Le financeur devra suivre notre proc\u00e9dure.<\/p>\n<p>Nous nous engageons \u00e0 vous envoyer une facture.<br \/>\nNous n\u2019acceptons pas les ch\u00e8ques et ne faisons pas cr\u00e9dit.<br \/>\nNos formations ne sont pas prises en charge par le P\u00f4le emploi.<\/p>\n<p><strong><em>#<\/em><em>\u00a0Faites-vous des facilit\u00e9s de paiement ?<\/em><\/strong><\/p>\n<p>Nos formations sont des formations professionnelles et individuelles online uniques puisqu\u2019il n\u2019y a aucune autre offre sur l\u2019internet.<br \/>\nElles vous font \u00e9conomiser beaucoup, y compris parce qu\u2019elles sont dans une d\u00e9marche d\u2019\u00e9conomie durable.<\/p>\n<p>Nous esp\u00e9rons que vous l\u2019appr\u00e9cierez.<\/p>\n<p><strong><em># Quel \u00e9quipement informatique doit-on avoir pour suivre les cours\u00a0 ?<br \/>\n<\/em><\/strong>Si vous visualisez des vid\u00e9os sur youtube depuis vos outils informatiques (ordinateur, tablette ou ipad), vous aurez acc\u00e8s \u00e0 la formation OML. Dans le cas contraire, nous vous conseillons de suivre un autre type de programme de formations.<\/p>\n<p><strong><em># Conclusion<br \/>\n<\/em><\/strong>En conclusion, nous dirons que lorsqu\u2019on a une grande motivation \u00e0 faire quelque chose, il faut \u00ab\u00a0oser\u00a0\u00bb et \u00ab\u00a0foncer\u00a0\u00bb !<\/p>\n<p>Vous n\u2019aurez pas de d\u00e9ception avec la m\u00e9thode OML, ni avec notre plate-forme de formations e-learning !<\/p>\n<div>\n<div>\n<div>\n<div>\n<div>\n<h3>PS : Communication<\/h3>\n<h3>Cette offre se fait dans le cadre du libre-entreprenariat.<br \/>\nNous ne pouvons offrir \u00e0 chacun tout ce qu\u2019il attend ou esp\u00e8re.<br \/>\nNous ne r\u00e9pondons pas \u00e0 toutes les demandes (par email), surtout lorsqu\u2019elles ne sont pas coh\u00e9rentes et incompl\u00e8tes comme par exemple parmi les plus croustillantes (d\u00e9sol\u00e9s pour les auteurs qui pourraient se reconna\u00eetre !) :<\/h3>\n<h3><i>\u2013 je voudrais une formation gratuite, est-ce possible\u00a0<\/i>(si, si une journaliste me l\u2019a demand\u00e9e !)<i><br \/>\n<\/i><\/h3>\n<\/div>\n<h3><i>\u2013 je voudrais un \u00e9talement de paiement sur 24 ou 36 mois<br \/>\n<\/i><\/h3>\n<\/div>\n<h3><i>\u2013 merci de me r\u00e9pondre \u00e0 la question suivante : fa\u00eetes-vous des formations e-learning ?<br \/>\n<\/i><\/h3>\n<\/div>\n<h3><i>\u2013 votre formation me permet-elle de trouver un emploi \u00e0 coup s\u00fbr ?<br \/>\n<\/i><\/h3>\n<\/div>\n<h3><i>\u2013 p\u00f4le emploi finance-t-il votre formation<\/i>\u00a0?<\/h3>\n<\/div>\n<h3><i>\u2013 comment \u00eatre s\u00fbr que vos formations existent ?<\/i><\/h3>\n<p>\u00ab\u00a0La bientraitance s&rsquo;applique aussi aux adultes, surtout \u00e0 ceux que vous sollicitez de votre propre chef\u00a0\u00bb. ML<\/p>\n<p>Il vous reste quand m\u00eame une ou plusieurs questions ?<br \/>\nLe formulaire ci-dessous est l\u00e0 pour cela&#8230;<\/p>\n<p>[formidable id=3]<\/p>\n","protected":false},"excerpt":{"rendered":"<p>A lire avant de vous inscrire \u00e0 nos formations professionnelles OML\u2026 # Quelle formation suivre ? Nous proposons deux formations e-learning pour les accompagnateurs d&rsquo;enfants \u00e0 partir de 5 ans (la m\u00e9thode peut s&rsquo;adapter aux adultes) : En langue anglaise (anglais am\u00e9ricain) En langue fran\u00e7aise Cette formation est unique car elle s&rsquo;appuie sur la ma\u00eetrise [&hellip;]<\/p>\n","protected":false},"author":2,"featured_media":0,"parent":0,"menu_order":0,"comment_status":"closed","ping_status":"closed","template":"","meta":{"footnotes":""},"class_list":["post-514","page","type-page","status-publish","hentry"],"jetpack_sharing_enabled":true,"jetpack_shortlink":"https:\/\/wp.me\/P74tIW-8i","jetpack-related-posts":[{"id":576,"url":"https:\/\/www.orton-gillingham.fr\/?page_id=576&lang=fr","url_meta":{"origin":514,"position":0},"title":"Questions sur la formation \u00e0 la m\u00e9thode OML","author":"Valentin Lefebvre","date":"18 mai 2017","format":false,"excerpt":"A lire avant de vous inscrire \u00e0 nos formations professionnelles OML\u2026 # Quelle formation suivre ? Nous proposons deux formations online pour les enfants \u00e0 partir de 5 ans (la m\u00e9thode peut s'adapter aux adultes) : En langue anglaise (anglais am\u00e9ricain) En langue fran\u00e7aise Cette formation est unique en langue\u2026","rel":"","context":"Article similaire","block_context":{"text":"Article similaire","link":""},"img":{"alt_text":"","src":"","width":0,"height":0},"classes":[]},{"id":16,"url":"https:\/\/www.orton-gillingham.fr\/?page_id=16&lang=fr","url_meta":{"origin":514,"position":1},"title":"Se former \u00e0 la m\u00e9thode OML","author":"Valentin Lefebvre","date":"15 ao\u00fbt 2015","format":false,"excerpt":"Participer \u00e0 une formation professionnelle online, signifie d\u00e9gager du temps de travail personnel. Un vrai travail et une discipline s\u2019imposent pour r\u00e9ellement profiter de ce que vous avez d\u00e9cid\u00e9 en signant le contrat. R\u00e9fl\u00e9chissez bien avant. Etant donn\u00e9 qu\u2019il s\u2019agit d\u2019une formation e-learning, il vous faut le financement d\u00e8s l'inscription.\u2026","rel":"","context":"Article similaire","block_context":{"text":"Article similaire","link":""},"img":{"alt_text":"","src":"https:\/\/i0.wp.com\/www.orton-gillingham.fr\/wp-content\/uploads\/2023\/11\/Capture-de%CC%81cran-2023-11-20-a%CC%80-14.56.13-1024x676.png?resize=350%2C200","width":350,"height":200,"srcset":"https:\/\/i0.wp.com\/www.orton-gillingham.fr\/wp-content\/uploads\/2023\/11\/Capture-de%CC%81cran-2023-11-20-a%CC%80-14.56.13-1024x676.png?resize=350%2C200 1x, https:\/\/i0.wp.com\/www.orton-gillingham.fr\/wp-content\/uploads\/2023\/11\/Capture-de%CC%81cran-2023-11-20-a%CC%80-14.56.13-1024x676.png?resize=525%2C300 1.5x"},"classes":[]},{"id":12,"url":"https:\/\/www.orton-gillingham.fr\/?page_id=12&lang=fr","url_meta":{"origin":514,"position":2},"title":"Qui sommes-nous ?","author":"Valentin Lefebvre","date":"15 ao\u00fbt 2015","format":false,"excerpt":"Murielle De formation mixte de base (Bachelor en Informatique et Master en Ressources Humaines) et trilingue (fran\u00e7ais-anglais-espagnol), j\u2019ai suivi ensuite plusieurs formations de reconversion dans des domaines sp\u00e9cifiques de l'Education et le coaching mental : Montessori (Europe et USA) niveaux 0-3 ans, niveau 3-6 ans, niveau 6-12 et niveau 12-15\u2026","rel":"","context":"Article similaire","block_context":{"text":"Article similaire","link":""},"img":{"alt_text":"","src":"https:\/\/i0.wp.com\/www.orton-gillingham.fr\/wp-content\/uploads\/2019\/12\/portrait-mumu-juillet-2019-300x300.jpg?resize=350%2C200","width":350,"height":200},"classes":[]},{"id":574,"url":"https:\/\/www.orton-gillingham.fr\/?page_id=574&lang=fr","url_meta":{"origin":514,"position":3},"title":"Questions sur la m\u00e9thode OML","author":"Valentin Lefebvre","date":"18 mai 2017","format":false,"excerpt":"Questions et r\u00e9ponses \u00e9crites re\u00e7ues \u00e0 l\u2019occasion du webinaire portant sur la m\u00e9thode OML en avril 2017. \"Avec cette m\u00e9thode, comment pr\u00e9server le libre choix de l'activit\u00e9 de l'enfant ? Apr\u00e8s les pr\u00e9sentations avec l'adulte, a-t-il la possibilit\u00e9 d'y revenir seul et comment s'op\u00e8re le contr\u00f4le de l'erreur ?\" Dans\u2026","rel":"","context":"Article similaire","block_context":{"text":"Article similaire","link":""},"img":{"alt_text":"","src":"https:\/\/i0.wp.com\/www.orton-gillingham.fr\/wp-content\/uploads\/2019\/12\/Enfant-Adulte-lecon-300x195.jpg?resize=350%2C200","width":350,"height":200},"classes":[]},{"id":24,"url":"https:\/\/www.orton-gillingham.fr\/?page_id=24&lang=fr","url_meta":{"origin":514,"position":4},"title":"Acheter les cahiers OML Montessori","author":"Valentin Lefebvre","date":"15 ao\u00fbt 2015","format":false,"excerpt":"Septembre 2025 Pour faire suite \u00e0 des demandes de la part d'enseignants de classes d'apprenants dans les \u00e9coles de France et \u00e0 l'international utilisant la m\u00e9thode OML, nous avons la joie de vous annoncer la cr\u00e9ation d'une licence-\u00e9cole. Quel est le principe ? Pour les apprenants d'une m\u00eame \u00e9cole, nous\u2026","rel":"","context":"Article similaire","block_context":{"text":"Article similaire","link":""},"img":{"alt_text":"","src":"https:\/\/i0.wp.com\/blog.montessori.fr\/wp-content\/uploads\/2025\/09\/licence-ecole-OML.001-1-1024x576.jpeg?resize=350%2C200","width":350,"height":200,"srcset":"https:\/\/i0.wp.com\/blog.montessori.fr\/wp-content\/uploads\/2025\/09\/licence-ecole-OML.001-1-1024x576.jpeg?resize=350%2C200 1x, https:\/\/i0.wp.com\/blog.montessori.fr\/wp-content\/uploads\/2025\/09\/licence-ecole-OML.001-1-1024x576.jpeg?resize=525%2C300 1.5x"},"classes":[]},{"id":8,"url":"http:\/\/www.orton-gillingham.fr\/?page_id=8&lang=fr","url_meta":{"origin":514,"position":5},"title":"Derni\u00e8res actualit\u00e9s sur la m\u00e9thode OML","author":"Valentin Lefebvre","date":"15 ao\u00fbt 2015","format":false,"excerpt":"\u00a1Un cuaderno nuevo que presentaremos en Washington DC en marzo pr\u00f3ximo! https:\/\/youtube.com\/shorts\/CWHhD4u_8HM?feature=share \u00a0 \u00a0 Voici des exemples des supports cahiers que nous proposons. Ils sont compl\u00e9mentaires des le\u00e7ons donn\u00e9es par l'enseignant avec du mat\u00e9riel multisensoriel basique que nous vous pr\u00e9senterons \u00e0 Washington en 2026. \u00a0 -------------------------------------------------------------------- En 2026, Murielle et\u2026","rel":"","context":"Article similaire","block_context":{"text":"Article similaire","link":""},"img":{"alt_text":"","src":"https:\/\/i0.wp.com\/www.orton-gillingham.fr\/wp-content\/uploads\/2025\/12\/Capture-de%CC%81cran-2025-11-30-a%CC%80-16.15.16.png?resize=350%2C200","width":350,"height":200,"srcset":"https:\/\/i0.wp.com\/www.orton-gillingham.fr\/wp-content\/uploads\/2025\/12\/Capture-de%CC%81cran-2025-11-30-a%CC%80-16.15.16.png?resize=350%2C200 1x, https:\/\/i0.wp.com\/www.orton-gillingham.fr\/wp-content\/uploads\/2025\/12\/Capture-de%CC%81cran-2025-11-30-a%CC%80-16.15.16.png?resize=525%2C300 1.5x, https:\/\/i0.wp.com\/www.orton-gillingham.fr\/wp-content\/uploads\/2025\/12\/Capture-de%CC%81cran-2025-11-30-a%CC%80-16.15.16.png?resize=700%2C400 2x"},"classes":[]}],"_links":{"self":[{"href":"https:\/\/www.orton-gillingham.fr\/index.php?rest_route=\/wp\/v2\/pages\/514","targetHints":{"allow":["GET"]}}],"collection":[{"href":"https:\/\/www.orton-gillingham.fr\/index.php?rest_route=\/wp\/v2\/pages"}],"about":[{"href":"https:\/\/www.orton-gillingham.fr\/index.php?rest_route=\/wp\/v2\/types\/page"}],"author":[{"embeddable":true,"href":"https:\/\/www.orton-gillingham.fr\/index.php?rest_route=\/wp\/v2\/users\/2"}],"replies":[{"embeddable":true,"href":"https:\/\/www.orton-gillingham.fr\/index.php?rest_route=%2Fwp%2Fv2%2Fcomments&post=514"}],"version-history":[{"count":10,"href":"https:\/\/www.orton-gillingham.fr\/index.php?rest_route=\/wp\/v2\/pages\/514\/revisions"}],"predecessor-version":[{"id":882,"href":"https:\/\/www.orton-gillingham.fr\/index.php?rest_route=\/wp\/v2\/pages\/514\/revisions\/882"}],"wp:attachment":[{"href":"https:\/\/www.orton-gillingham.fr\/index.php?rest_route=%2Fwp%2Fv2%2Fmedia&parent=514"}],"curies":[{"name":"wp","href":"https:\/\/api.w.org\/{rel}","templated":true}]}}