{"id":442,"date":"2016-09-01T14:19:49","date_gmt":"2016-09-01T13:19:49","guid":{"rendered":"http:\/\/www.orton-gillingham.fr\/?page_id=442"},"modified":"2025-12-02T13:40:52","modified_gmt":"2025-12-02T12:40:52","slug":"videos-2","status":"publish","type":"page","link":"https:\/\/www.orton-gillingham.fr\/?page_id=442&lang=fr","title":{"rendered":"Vid\u00e9os"},"content":{"rendered":"<p>Comment utiliser une des techniques de la m\u00e9thode OML, comme celle de d\u00e9composition des phon\u00e8mes des syllabes<\/p>\n<p><span class=\"embed-youtube\" style=\"text-align:center; display: block;\"><iframe loading=\"lazy\" class=\"youtube-player\" width=\"600\" height=\"338\" src=\"https:\/\/www.youtube.com\/embed\/YJBLN8LiIYA?version=3&#038;rel=1&#038;showsearch=0&#038;showinfo=1&#038;iv_load_policy=1&#038;fs=1&#038;hl=fr-FR&#038;autohide=2&#038;wmode=transparent\" allowfullscreen=\"true\" style=\"border:0;\" sandbox=\"allow-scripts allow-same-origin allow-popups allow-presentation allow-popups-to-escape-sandbox\"><\/iframe><\/span><\/p>\n<p>Comment fabriquer votre support de cartes OML en tissu<\/p>\n<p><span class=\"embed-youtube\" style=\"text-align:center; display: block;\"><iframe loading=\"lazy\" class=\"youtube-player\" width=\"600\" height=\"338\" src=\"https:\/\/www.youtube.com\/embed\/zEl0c4tNNmA?version=3&#038;rel=1&#038;showsearch=0&#038;showinfo=1&#038;iv_load_policy=1&#038;fs=1&#038;hl=fr-FR&#038;autohide=2&#038;wmode=transparent\" allowfullscreen=\"true\" style=\"border:0;\" sandbox=\"allow-scripts allow-same-origin allow-popups allow-presentation allow-popups-to-escape-sandbox\"><\/iframe><\/span><\/p>\n<p>Pr\u00e9sentation de la m\u00e9thode en octobre 2021<\/p>\n<p><span class=\"embed-youtube\" style=\"text-align:center; display: block;\"><iframe loading=\"lazy\" class=\"youtube-player\" width=\"600\" height=\"338\" src=\"https:\/\/www.youtube.com\/embed\/xIf_ETiEKQo?version=3&#038;rel=1&#038;showsearch=0&#038;showinfo=1&#038;iv_load_policy=1&#038;fs=1&#038;hl=fr-FR&#038;autohide=2&#038;wmode=transparent\" allowfullscreen=\"true\" style=\"border:0;\" sandbox=\"allow-scripts allow-same-origin allow-popups allow-presentation allow-popups-to-escape-sandbox\"><\/iframe><\/span><\/p>\n<p>Webinaire de pr\u00e9sentation de la m\u00e9thode OML, avril 2017<\/p>\n<p><span class=\"embed-youtube\" style=\"text-align:center; display: block;\"><iframe loading=\"lazy\" class=\"youtube-player\" width=\"600\" height=\"338\" src=\"https:\/\/www.youtube.com\/embed\/6-L-GXmPJmU?version=3&#038;rel=1&#038;showsearch=0&#038;showinfo=1&#038;iv_load_policy=1&#038;fs=1&#038;hl=fr-FR&#038;autohide=2&#038;wmode=transparent\" allowfullscreen=\"true\" style=\"border:0;\" sandbox=\"allow-scripts allow-same-origin allow-popups allow-presentation allow-popups-to-escape-sandbox\"><\/iframe><\/span><\/p>\n<p>Pr\u00e9sentation de la m\u00e9thode OML en Californie \u00e0 la conf\u00e9rence AMS &#8211; mars 2017<\/p>\n<p><span class=\"embed-youtube\" style=\"text-align:center; display: block;\"><iframe loading=\"lazy\" class=\"youtube-player\" width=\"600\" height=\"338\" src=\"https:\/\/www.youtube.com\/embed\/7OvBcbzOVhQ?version=3&#038;rel=1&#038;showsearch=0&#038;showinfo=1&#038;iv_load_policy=1&#038;fs=1&#038;hl=fr-FR&#038;autohide=2&#038;wmode=transparent\" allowfullscreen=\"true\" style=\"border:0;\" sandbox=\"allow-scripts allow-same-origin allow-popups allow-presentation allow-popups-to-escape-sandbox\"><\/iframe><\/span><\/p>\n<p>Comment fabriquer le mat\u00e9riel \u00e0 partir du cahier 1 (explication en vid\u00e9o)<\/p>\n<p><a href=\"http:\/\/www.orton-gillingham.fr\/wp-content\/uploads\/2015\/08\/BookCoverPreview.jpeg\"><iframe loading=\"lazy\" src=\"https:\/\/www.youtube.com\/embed\/wj6OWOkL8f4\" width=\"560\" height=\"315\" frameborder=\"0\" allowfullscreen=\"allowfullscreen\"><\/iframe><\/a><\/p>\n<p>Vid\u00e9os d&rsquo;utilisation des photos du cahier 1 (cliquez sur les images ci-dessous pour d\u00e9marrer les vid\u00e9os&#8230;) :<\/p>\n<div style=\"position: relative; padding-bottom: 56.25%; overflow: hidden; height: 0; max-width: 100%;\"><iframe loading=\"lazy\" id=\"9dc58ebf16e40600de1ac32be40bace1\" style=\"position: absolute; top: 0; left: 0;\" src=\"https:\/\/iframe.dacast.com\/vod\/c2f4fb49a429c73409a8839543920629\/9dc58ebf16e40600de1ac32be40bace1\" width=\"100%\" height=\"100%\" frameborder=\"0\" scrolling=\"no\" allowfullscreen=\"allowfullscreen\"><\/iframe><\/div>\n<div style=\"position: relative; padding-bottom: 56.25%; overflow: hidden; height: 0; max-width: 100%;\"><iframe loading=\"lazy\" id=\"cc76bfab98157f75bb62f79f41997d2d\" style=\"position: absolute; top: 0; left: 0;\" src=\"https:\/\/iframe.dacast.com\/vod\/c2f4fb49a429c73409a8839543920629\/cc76bfab98157f75bb62f79f41997d2d\" width=\"100%\" height=\"100%\" frameborder=\"0\" scrolling=\"no\" allowfullscreen=\"allowfullscreen\"><\/iframe><\/div>\n<p>&#8212;&#8212;&#8212;&#8212;&#8212;&#8212;&#8212;&#8212;&#8212;&#8212;&#8212;&#8212;-<\/p>\n<p><strong>Le cahier 2<\/strong> reprend l&rsquo;ensemble des 64 phon\u00e8mes\/graph\u00e8mes dans 3 cahiers (pour \u00e9viter de d\u00e9courager l&rsquo;enfant par la grosseur du cahier). Nous avons aussi fait ce choix afin que l&rsquo;usage du cahier soit plus facile \u00e0 l&rsquo;enfant. Il faut donc commander pour chaque enfant les cahiers 2a, 2b et 2c, ainsi qu&rsquo;un cahier unique de correction pour l&rsquo;enseignant.<\/p>\n<p>Il y a deux pages par phon\u00e8me\/graph\u00e8me. Pour chacun d&rsquo;eux, l&rsquo;enfant \u00e9crit trois mots en cursif, effectue une dict\u00e9e de mots et une dict\u00e9e de phrases.<\/p>\n<p>Commander les cahiers 2 en cliquant sur les liens ci-dessous\u00a0 :<\/p>\n<ul>\n<li><a href=\"http:\/\/www.amazon.fr\/Cahier-Montessori-2a-%C3%A9criture-Collection\/dp\/1517102928\/ref=sr_1_11?ie=UTF8&amp;qid=1444857351&amp;sr=8-11&amp;keywords=cahier+montessori\">Cahier 2a pour gauchers (un par enfant)<\/a><\/li>\n<li><a href=\"http:\/\/www.amazon.fr\/Cahier-Montessori-2b-%C3%A9criture-programmes\/dp\/1517124670\/ref=sr_1_5?ie=UTF8&amp;qid=1444857351&amp;sr=8-5&amp;keywords=cahier+montessori\">Cahier 2b pour gauchers (un par enfant)<\/a><\/li>\n<li><a href=\"http:\/\/www.amazon.fr\/Cahier-Montessori-2c-%C3%A9criture-programmes\/dp\/1517124689\/ref=sr_1_10?ie=UTF8&amp;qid=1444857351&amp;sr=8-10&amp;keywords=cahier+montessori\">Cahier 2c pour gauchers (un par enfant)<\/a><\/li>\n<li><a href=\"http:\/\/www.amazon.fr\/Cahier-Montessori-2a-droitiers-Collection\/dp\/1517083559\/ref=sr_1_7?ie=UTF8&amp;qid=1444857351&amp;sr=8-7&amp;keywords=cahier+montessori\">Cahier 2a pour droitiers (un par enfant)<\/a><\/li>\n<li><a href=\"http:\/\/www.amazon.fr\/Cahier-Montessori-2b-droitiers-programmes\/dp\/1517111668\/ref=sr_1_6?ie=UTF8&amp;qid=1444857351&amp;sr=8-6&amp;keywords=cahier+montessori\">Cahier 2b pour droitiers (un par enfant)<\/a><\/li>\n<li><a href=\"http:\/\/www.amazon.fr\/Cahier-Montessori-2c-droitiers-programmes\/dp\/1517124972\/ref=sr_1_14?ie=UTF8&amp;qid=1444857351&amp;sr=8-14&amp;keywords=cahier+montessori\">Cahier 2c pour droitiers (un par enfant)<\/a><\/li>\n<li><a href=\"http:\/\/www.amazon.fr\/Cahier-Montessori-corrections-Correction-phrases\/dp\/1517129192\/ref=sr_1_1?ie=UTF8&amp;qid=1450797672&amp;sr=8-1&amp;keywords=cahiers+montessori+correction\">Cahier 2 des corrections (un par \u00e9ducateur) <\/a><span style=\"color: #ff0000;\"><br \/>\nAttention, ce cahier est indispensable \u00e0 l&rsquo;\u00e9ducateur car il contient toutes les dict\u00e9es contenues dans les cahiers a, b et c.<\/span><\/li>\n<\/ul>\n<figure id=\"attachment_201\" aria-describedby=\"caption-attachment-201\" style=\"width: 800px\" class=\"wp-caption alignnone\"><a href=\"http:\/\/www.amazon.fr\/Cahier-Montessori-2c-droitiers-programmes\/dp\/1517124972\/ref=sr_1_14?ie=UTF8&amp;qid=1444857351&amp;sr=8-14&amp;keywords=cahier+montessori\"><img data-recalc-dims=\"1\" loading=\"lazy\" decoding=\"async\" data-attachment-id=\"201\" data-permalink=\"https:\/\/www.orton-gillingham.fr\/?attachment_id=201\" data-orig-file=\"https:\/\/i0.wp.com\/www.orton-gillingham.fr\/wp-content\/uploads\/2015\/08\/Book2aD-CoverPreview1.jpeg?fit=1250%2C810&amp;ssl=1\" data-orig-size=\"1250,810\" data-comments-opened=\"0\" data-image-meta=\"{&quot;aperture&quot;:&quot;0&quot;,&quot;credit&quot;:&quot;&quot;,&quot;camera&quot;:&quot;&quot;,&quot;caption&quot;:&quot;&quot;,&quot;created_timestamp&quot;:&quot;0&quot;,&quot;copyright&quot;:&quot;&quot;,&quot;focal_length&quot;:&quot;0&quot;,&quot;iso&quot;:&quot;0&quot;,&quot;shutter_speed&quot;:&quot;0&quot;,&quot;title&quot;:&quot;&quot;,&quot;orientation&quot;:&quot;0&quot;}\" data-image-title=\"Book#2aD-CoverPreview\" data-image-description=\"\" data-image-caption=\"&lt;p&gt;Couverture du cahier 2&lt;\/p&gt;\n\" data-medium-file=\"https:\/\/i0.wp.com\/www.orton-gillingham.fr\/wp-content\/uploads\/2015\/08\/Book2aD-CoverPreview1.jpeg?fit=300%2C194&amp;ssl=1\" data-large-file=\"https:\/\/i0.wp.com\/www.orton-gillingham.fr\/wp-content\/uploads\/2015\/08\/Book2aD-CoverPreview1.jpeg?fit=600%2C389&amp;ssl=1\" class=\"wp-image-201\" src=\"https:\/\/i0.wp.com\/www.orton-gillingham.fr\/wp-content\/uploads\/2015\/08\/Book2aD-CoverPreview1.jpeg?resize=600%2C389\" alt=\"Couverture du cahier 2\" width=\"600\" height=\"389\" \/><\/a><figcaption id=\"caption-attachment-201\" class=\"wp-caption-text\">Photo de la couverture du cahier 2<\/figcaption><\/figure>\n<p>&#8212;&#8212;&#8212;&#8212;&#8212;&#8212;&#8212;&#8212;&#8212;&#8212;&#8212;&#8212;-<br \/>\nLa s\u00e9rie des cahiers 3 reprend, tout comme la s\u00e9rie des cahiers 2, l&rsquo;ensemble des 64 phon\u00e8mes\/graph\u00e8mes. Tout comme pour les cahiers 2\u00a0 il est en 3 parties a, b et c plus le cahier de correction.<\/p>\n<p>Pour chaque phon\u00e8me\/graph\u00e8me, il y a une dict\u00e9e de phrase, des congujaisons de verbes, une analyse de phrase en deux parties (nature et fonction).<\/p>\n<p><a href=\"https:\/\/i0.wp.com\/www.orton-gillingham.fr\/wp-content\/uploads\/2015\/08\/BookCoverPreview-2.jpeg\" rel=\"attachment wp-att-367\"><img data-recalc-dims=\"1\" loading=\"lazy\" decoding=\"async\" data-attachment-id=\"367\" data-permalink=\"https:\/\/www.orton-gillingham.fr\/?attachment_id=367\" data-orig-file=\"https:\/\/i0.wp.com\/www.orton-gillingham.fr\/wp-content\/uploads\/2015\/08\/BookCoverPreview-2.jpeg?fit=1250%2C810&amp;ssl=1\" data-orig-size=\"1250,810\" data-comments-opened=\"0\" data-image-meta=\"{&quot;aperture&quot;:&quot;0&quot;,&quot;credit&quot;:&quot;&quot;,&quot;camera&quot;:&quot;&quot;,&quot;caption&quot;:&quot;&quot;,&quot;created_timestamp&quot;:&quot;0&quot;,&quot;copyright&quot;:&quot;&quot;,&quot;focal_length&quot;:&quot;0&quot;,&quot;iso&quot;:&quot;0&quot;,&quot;shutter_speed&quot;:&quot;0&quot;,&quot;title&quot;:&quot;&quot;,&quot;orientation&quot;:&quot;0&quot;}\" data-image-title=\"BookCoverPreview\" data-image-description=\"\" data-image-caption=\"\" data-medium-file=\"https:\/\/i0.wp.com\/www.orton-gillingham.fr\/wp-content\/uploads\/2015\/08\/BookCoverPreview-2.jpeg?fit=300%2C194&amp;ssl=1\" data-large-file=\"https:\/\/i0.wp.com\/www.orton-gillingham.fr\/wp-content\/uploads\/2015\/08\/BookCoverPreview-2.jpeg?fit=600%2C389&amp;ssl=1\" class=\"alignnone wp-image-367\" src=\"https:\/\/i0.wp.com\/www.orton-gillingham.fr\/wp-content\/uploads\/2015\/08\/BookCoverPreview-2.jpeg?resize=600%2C389\" alt=\"BookCoverPreview\" width=\"600\" height=\"389\" \/><\/a><\/p>\n<p>Commander les cahiers 3 en cliquant sur le lien ci-dessous :<\/p>\n<p><a href=\"http:\/\/www.amazon.fr\/Cahier-Montessori-grammaire-conjugaison-programmes\/dp\/1517753422\/ref=sr_1_14?ie=UTF8&amp;qid=1445705950&amp;sr=8-14&amp;keywords=cahier+montessori\">Cahier 3a <\/a>(un par enfant)<br \/>\n<a href=\"http:\/\/www.amazon.fr\/Cahier-Montessori-grammaire-conjugaison-programmes\/dp\/1517753546\/ref=sr_1_15?ie=UTF8&amp;qid=1445705950&amp;sr=8-15&amp;keywords=cahier+montessori\">Cahier 3b<\/a> (un par enfant)<br \/>\n<a href=\"http:\/\/www.amazon.fr\/Cahier-Montessori-grammaire-conjugaison-programmes\/dp\/1517753791\/ref=sr_1_18?ie=UTF8&amp;qid=1445706318&amp;sr=8-18&amp;keywords=cahier+montessori\">Cahier 3c <\/a> (un par enfant)<a href=\"http:\/\/www.amazon.fr\/Cahier-Montessori-grammaire-conjugaison-programmes\/dp\/1517753791\/ref=sr_1_18?ie=UTF8&amp;qid=1445706318&amp;sr=8-18&amp;keywords=cahier+montessori\"><br \/>\n<\/a><a href=\"http:\/\/www.amazon.fr\/Cahier-Montessori-grammaire-conjugaison-programmes\/dp\/1517753791\/ref=sr_1_18?ie=UTF8&amp;qid=1445706318&amp;sr=8-18&amp;keywords=cahier+montessori\">Cahier 3 de corrections<\/a> (un par enseignant) contenant les corrections de dict\u00e9es, grammaire et conjugaison des cahiers 3a, 3b et 3c.<\/p>\n<p>&nbsp;<\/p>\n<p><iframe loading=\"lazy\" id=\"vzvd-21096670\" class=\"video-player\" title=\"video player\" src=\"https:\/\/view.vzaar.com\/21096670\/player\" name=\"vzvd-21096670\" width=\"640\" height=\"360\" frameborder=\"0\" allowfullscreen=\"allowfullscreen\"><\/iframe><\/p>\n","protected":false},"excerpt":{"rendered":"<p>Comment utiliser une des techniques de la m\u00e9thode OML, comme celle de d\u00e9composition des phon\u00e8mes des syllabes Comment fabriquer votre support de cartes OML en tissu Pr\u00e9sentation de la m\u00e9thode en octobre 2021 Webinaire de pr\u00e9sentation de la m\u00e9thode OML, avril 2017 Pr\u00e9sentation de la m\u00e9thode OML en Californie \u00e0 la conf\u00e9rence AMS &#8211; mars [&hellip;]<\/p>\n","protected":false},"author":4,"featured_media":0,"parent":0,"menu_order":0,"comment_status":"closed","ping_status":"closed","template":"","meta":{"footnotes":""},"class_list":["post-442","page","type-page","status-publish","hentry"],"jetpack_sharing_enabled":true,"jetpack_shortlink":"https:\/\/wp.me\/P74tIW-78","jetpack-related-posts":[{"id":8,"url":"http:\/\/www.orton-gillingham.fr\/?page_id=8&lang=fr","url_meta":{"origin":442,"position":0},"title":"Derni\u00e8res actualit\u00e9s sur la m\u00e9thode OML","author":"Valentin Lefebvre","date":"15 ao\u00fbt 2015","format":false,"excerpt":"\u00a1Un cuaderno nuevo que presentaremos en Washington DC en marzo pr\u00f3ximo! https:\/\/youtube.com\/shorts\/CWHhD4u_8HM?feature=share \u00a0 \u00a0 Voici des exemples des supports cahiers que nous proposons. Ils sont compl\u00e9mentaires des le\u00e7ons donn\u00e9es par l'enseignant avec du mat\u00e9riel multisensoriel basique que nous vous pr\u00e9senterons \u00e0 Washington en 2026. \u00a0 -------------------------------------------------------------------- En 2026, Murielle et\u2026","rel":"","context":"Article similaire","block_context":{"text":"Article similaire","link":""},"img":{"alt_text":"","src":"https:\/\/i0.wp.com\/www.orton-gillingham.fr\/wp-content\/uploads\/2025\/12\/Capture-de%CC%81cran-2025-11-30-a%CC%80-16.15.16.png?resize=350%2C200","width":350,"height":200,"srcset":"https:\/\/i0.wp.com\/www.orton-gillingham.fr\/wp-content\/uploads\/2025\/12\/Capture-de%CC%81cran-2025-11-30-a%CC%80-16.15.16.png?resize=350%2C200 1x, https:\/\/i0.wp.com\/www.orton-gillingham.fr\/wp-content\/uploads\/2025\/12\/Capture-de%CC%81cran-2025-11-30-a%CC%80-16.15.16.png?resize=525%2C300 1.5x, https:\/\/i0.wp.com\/www.orton-gillingham.fr\/wp-content\/uploads\/2025\/12\/Capture-de%CC%81cran-2025-11-30-a%CC%80-16.15.16.png?resize=700%2C400 2x"},"classes":[]},{"id":24,"url":"https:\/\/www.orton-gillingham.fr\/?page_id=24&lang=fr","url_meta":{"origin":442,"position":1},"title":"Acheter les cahiers OML Montessori","author":"Valentin Lefebvre","date":"15 ao\u00fbt 2015","format":false,"excerpt":"Septembre 2025 Pour faire suite \u00e0 des demandes de la part d'enseignants de classes d'apprenants dans les \u00e9coles de France et \u00e0 l'international utilisant la m\u00e9thode OML, nous avons la joie de vous annoncer la cr\u00e9ation d'une licence-\u00e9cole. Quel est le principe ? Pour les apprenants d'une m\u00eame \u00e9cole, nous\u2026","rel":"","context":"Article similaire","block_context":{"text":"Article similaire","link":""},"img":{"alt_text":"","src":"https:\/\/i0.wp.com\/blog.montessori.fr\/wp-content\/uploads\/2025\/09\/licence-ecole-OML.001-1-1024x576.jpeg?resize=350%2C200","width":350,"height":200,"srcset":"https:\/\/i0.wp.com\/blog.montessori.fr\/wp-content\/uploads\/2025\/09\/licence-ecole-OML.001-1-1024x576.jpeg?resize=350%2C200 1x, https:\/\/i0.wp.com\/blog.montessori.fr\/wp-content\/uploads\/2025\/09\/licence-ecole-OML.001-1-1024x576.jpeg?resize=525%2C300 1.5x"},"classes":[]},{"id":574,"url":"https:\/\/www.orton-gillingham.fr\/?page_id=574&lang=fr","url_meta":{"origin":442,"position":2},"title":"Questions sur la m\u00e9thode OML","author":"Valentin Lefebvre","date":"18 mai 2017","format":false,"excerpt":"Questions et r\u00e9ponses \u00e9crites re\u00e7ues \u00e0 l\u2019occasion du webinaire portant sur la m\u00e9thode OML en avril 2017. \"Avec cette m\u00e9thode, comment pr\u00e9server le libre choix de l'activit\u00e9 de l'enfant ? Apr\u00e8s les pr\u00e9sentations avec l'adulte, a-t-il la possibilit\u00e9 d'y revenir seul et comment s'op\u00e8re le contr\u00f4le de l'erreur ?\" Dans\u2026","rel":"","context":"Article similaire","block_context":{"text":"Article similaire","link":""},"img":{"alt_text":"","src":"https:\/\/i0.wp.com\/www.orton-gillingham.fr\/wp-content\/uploads\/2019\/12\/Enfant-Adulte-lecon-300x195.jpg?resize=350%2C200","width":350,"height":200},"classes":[]},{"id":28,"url":"https:\/\/www.orton-gillingham.fr\/?page_id=28&lang=fr","url_meta":{"origin":442,"position":3},"title":"Ressources","author":"Valentin Lefebvre","date":"15 ao\u00fbt 2015","format":false,"excerpt":"Outils concrets \u00e0 commander Cahiers Montessori http:\/\/paperkit.net\/ Sites sur la dyslexie http:\/\/www.dysmoitout.org\/pratique\/pratique-glossaire.html http:\/\/news.stanford.edu\/news\/2015\/may\/reading-brain-phonics-052815.html \u00a0 Sites sur l'enseignement du fran\u00e7ais seconde langue http:\/\/www.ac-grenoble.fr\/casnav\/accueil\/JCRafoni2014\/index.php?post\/2014\/06\/16\/Jean-Charles-Rafoni-2014-conf%C3%A9rences-et-questions http:\/\/www.foad-spirit.net\/formation\/formation.php?id_programme_f=19 http:\/\/aussiechildcarenetwork.com.au\/printables\/phonics-worksheets\/consonants-blends\/two-letter-blends Sites sur l'enseignement de l'anglais seconde langue (ou non) http:\/\/jollylearning.co.uk\/gallery\/audio-2\/ http:\/\/bogglesworldesl.com\/consonantdigraphwords.htm http:\/\/www.newyorker.com\/science\/maria-konnikova\/how-children-learn-read http:\/\/www.weallcanread.com\/spelling-practice-with-phonics.html Sites sur la langue des signes pour enfants (LSF, babies, etc..) www.montessori.fr http:\/\/www.signingtime.com\/resources\/dictionary\/\u2026","rel":"","context":"Article similaire","block_context":{"text":"Article similaire","link":""},"img":{"alt_text":"","src":"https:\/\/i0.wp.com\/img.youtube.com\/vi\/MAhotBMh-8c\/0.jpg?resize=350%2C200","width":350,"height":200},"classes":[]},{"id":576,"url":"https:\/\/www.orton-gillingham.fr\/?page_id=576&lang=fr","url_meta":{"origin":442,"position":4},"title":"Questions sur la formation \u00e0 la m\u00e9thode OML","author":"Valentin Lefebvre","date":"18 mai 2017","format":false,"excerpt":"A lire avant de vous inscrire \u00e0 nos formations professionnelles OML\u2026 # Quelle formation suivre ? Nous proposons deux formations online pour les enfants \u00e0 partir de 5 ans (la m\u00e9thode peut s'adapter aux adultes) : En langue anglaise (anglais am\u00e9ricain) En langue fran\u00e7aise Cette formation est unique en langue\u2026","rel":"","context":"Article similaire","block_context":{"text":"Article similaire","link":""},"img":{"alt_text":"","src":"","width":0,"height":0},"classes":[]},{"id":16,"url":"https:\/\/www.orton-gillingham.fr\/?page_id=16&lang=fr","url_meta":{"origin":442,"position":5},"title":"Se former \u00e0 la m\u00e9thode OML","author":"Valentin Lefebvre","date":"15 ao\u00fbt 2015","format":false,"excerpt":"Participer \u00e0 une formation professionnelle online, signifie d\u00e9gager du temps de travail personnel. Un vrai travail et une discipline s\u2019imposent pour r\u00e9ellement profiter de ce que vous avez d\u00e9cid\u00e9 en signant le contrat. R\u00e9fl\u00e9chissez bien avant. Etant donn\u00e9 qu\u2019il s\u2019agit d\u2019une formation e-learning, il vous faut le financement d\u00e8s l'inscription.\u2026","rel":"","context":"Article similaire","block_context":{"text":"Article similaire","link":""},"img":{"alt_text":"","src":"https:\/\/i0.wp.com\/www.orton-gillingham.fr\/wp-content\/uploads\/2023\/11\/Capture-de%CC%81cran-2023-11-20-a%CC%80-14.56.13-1024x676.png?resize=350%2C200","width":350,"height":200,"srcset":"https:\/\/i0.wp.com\/www.orton-gillingham.fr\/wp-content\/uploads\/2023\/11\/Capture-de%CC%81cran-2023-11-20-a%CC%80-14.56.13-1024x676.png?resize=350%2C200 1x, https:\/\/i0.wp.com\/www.orton-gillingham.fr\/wp-content\/uploads\/2023\/11\/Capture-de%CC%81cran-2023-11-20-a%CC%80-14.56.13-1024x676.png?resize=525%2C300 1.5x"},"classes":[]}],"_links":{"self":[{"href":"https:\/\/www.orton-gillingham.fr\/index.php?rest_route=\/wp\/v2\/pages\/442","targetHints":{"allow":["GET"]}}],"collection":[{"href":"https:\/\/www.orton-gillingham.fr\/index.php?rest_route=\/wp\/v2\/pages"}],"about":[{"href":"https:\/\/www.orton-gillingham.fr\/index.php?rest_route=\/wp\/v2\/types\/page"}],"author":[{"embeddable":true,"href":"https:\/\/www.orton-gillingham.fr\/index.php?rest_route=\/wp\/v2\/users\/4"}],"replies":[{"embeddable":true,"href":"https:\/\/www.orton-gillingham.fr\/index.php?rest_route=%2Fwp%2Fv2%2Fcomments&post=442"}],"version-history":[{"count":25,"href":"https:\/\/www.orton-gillingham.fr\/index.php?rest_route=\/wp\/v2\/pages\/442\/revisions"}],"predecessor-version":[{"id":4676,"href":"https:\/\/www.orton-gillingham.fr\/index.php?rest_route=\/wp\/v2\/pages\/442\/revisions\/4676"}],"wp:attachment":[{"href":"https:\/\/www.orton-gillingham.fr\/index.php?rest_route=%2Fwp%2Fv2%2Fmedia&parent=442"}],"curies":[{"name":"wp","href":"https:\/\/api.w.org\/{rel}","templated":true}]}}