{"id":377,"date":"2016-02-25T16:15:04","date_gmt":"2016-02-25T15:15:04","guid":{"rendered":"http:\/\/www.orton-gillingham.fr\/?page_id=377"},"modified":"2016-02-25T16:18:01","modified_gmt":"2016-02-25T15:18:01","slug":"presse","status":"publish","type":"page","link":"https:\/\/www.orton-gillingham.fr\/?page_id=377&lang=fr","title":{"rendered":"Presse"},"content":{"rendered":"<p>T\u00e9l\u00e9chargez le dossier\u00a0<a href=\"http:\/\/www.orton-gillingham.fr\/wp-content\/uploads\/2016\/02\/Presse-OML.compressed.pdf\" rel=\"\">Presse OML<\/a><\/p>\n<p>Merci pour votre visite, bonne journ\u00e9e \u00e0 vous.<\/p>\n","protected":false},"excerpt":{"rendered":"<p>T\u00e9l\u00e9chargez le dossier\u00a0Presse OML Merci pour votre visite, bonne journ\u00e9e \u00e0 vous.<\/p>\n","protected":false},"author":2,"featured_media":0,"parent":0,"menu_order":0,"comment_status":"closed","ping_status":"closed","template":"","meta":{"footnotes":""},"class_list":["post-377","page","type-page","status-publish","hentry"],"jetpack_sharing_enabled":true,"jetpack_shortlink":"https:\/\/wp.me\/P74tIW-65","jetpack-related-posts":[{"id":8,"url":"http:\/\/www.orton-gillingham.fr\/?page_id=8&lang=fr","url_meta":{"origin":377,"position":0},"title":"Derni\u00e8res actualit\u00e9s sur la m\u00e9thode OML","author":"Valentin Lefebvre","date":"15 ao\u00fbt 2015","format":false,"excerpt":"\u00a1Un cuaderno nuevo que presentaremos en Washington DC en marzo pr\u00f3ximo! https:\/\/youtube.com\/shorts\/CWHhD4u_8HM?feature=share \u00a0 \u00a0 Voici des exemples des supports cahiers que nous proposons. Ils sont compl\u00e9mentaires des le\u00e7ons donn\u00e9es par l'enseignant avec du mat\u00e9riel multisensoriel basique que nous vous pr\u00e9senterons \u00e0 Washington en 2026. \u00a0 -------------------------------------------------------------------- En 2026, Murielle et\u2026","rel":"","context":"Article similaire","block_context":{"text":"Article similaire","link":""},"img":{"alt_text":"","src":"https:\/\/i0.wp.com\/www.orton-gillingham.fr\/wp-content\/uploads\/2025\/12\/Capture-de%CC%81cran-2025-11-30-a%CC%80-16.15.16.png?resize=350%2C200","width":350,"height":200,"srcset":"https:\/\/i0.wp.com\/www.orton-gillingham.fr\/wp-content\/uploads\/2025\/12\/Capture-de%CC%81cran-2025-11-30-a%CC%80-16.15.16.png?resize=350%2C200 1x, https:\/\/i0.wp.com\/www.orton-gillingham.fr\/wp-content\/uploads\/2025\/12\/Capture-de%CC%81cran-2025-11-30-a%CC%80-16.15.16.png?resize=525%2C300 1.5x, https:\/\/i0.wp.com\/www.orton-gillingham.fr\/wp-content\/uploads\/2025\/12\/Capture-de%CC%81cran-2025-11-30-a%CC%80-16.15.16.png?resize=700%2C400 2x"},"classes":[]},{"id":574,"url":"https:\/\/www.orton-gillingham.fr\/?page_id=574&lang=fr","url_meta":{"origin":377,"position":1},"title":"Questions sur la m\u00e9thode OML","author":"Valentin Lefebvre","date":"18 mai 2017","format":false,"excerpt":"Questions et r\u00e9ponses \u00e9crites re\u00e7ues \u00e0 l\u2019occasion du webinaire portant sur la m\u00e9thode OML en avril 2017. \"Avec cette m\u00e9thode, comment pr\u00e9server le libre choix de l'activit\u00e9 de l'enfant ? Apr\u00e8s les pr\u00e9sentations avec l'adulte, a-t-il la possibilit\u00e9 d'y revenir seul et comment s'op\u00e8re le contr\u00f4le de l'erreur ?\" Dans\u2026","rel":"","context":"Article similaire","block_context":{"text":"Article similaire","link":""},"img":{"alt_text":"","src":"https:\/\/i0.wp.com\/www.orton-gillingham.fr\/wp-content\/uploads\/2019\/12\/Enfant-Adulte-lecon-300x195.jpg?resize=350%2C200","width":350,"height":200},"classes":[]},{"id":576,"url":"https:\/\/www.orton-gillingham.fr\/?page_id=576&lang=fr","url_meta":{"origin":377,"position":2},"title":"Questions sur la formation \u00e0 la m\u00e9thode OML","author":"Valentin Lefebvre","date":"18 mai 2017","format":false,"excerpt":"A lire avant de vous inscrire \u00e0 nos formations professionnelles OML\u2026 # Quelle formation suivre ? Nous proposons deux formations online pour les enfants \u00e0 partir de 5 ans (la m\u00e9thode peut s'adapter aux adultes) : En langue anglaise (anglais am\u00e9ricain) En langue fran\u00e7aise Cette formation est unique en langue\u2026","rel":"","context":"Article similaire","block_context":{"text":"Article similaire","link":""},"img":{"alt_text":"","src":"","width":0,"height":0},"classes":[]},{"id":24,"url":"https:\/\/www.orton-gillingham.fr\/?page_id=24&lang=fr","url_meta":{"origin":377,"position":3},"title":"Acheter les cahiers OML Montessori","author":"Valentin Lefebvre","date":"15 ao\u00fbt 2015","format":false,"excerpt":"Septembre 2025 Pour faire suite \u00e0 des demandes de la part d'enseignants de classes d'apprenants dans les \u00e9coles de France et \u00e0 l'international utilisant la m\u00e9thode OML, nous avons la joie de vous annoncer la cr\u00e9ation d'une licence-\u00e9cole. Quel est le principe ? Pour les apprenants d'une m\u00eame \u00e9cole, nous\u2026","rel":"","context":"Article similaire","block_context":{"text":"Article similaire","link":""},"img":{"alt_text":"","src":"https:\/\/i0.wp.com\/blog.montessori.fr\/wp-content\/uploads\/2025\/09\/licence-ecole-OML.001-1-1024x576.jpeg?resize=350%2C200","width":350,"height":200,"srcset":"https:\/\/i0.wp.com\/blog.montessori.fr\/wp-content\/uploads\/2025\/09\/licence-ecole-OML.001-1-1024x576.jpeg?resize=350%2C200 1x, https:\/\/i0.wp.com\/blog.montessori.fr\/wp-content\/uploads\/2025\/09\/licence-ecole-OML.001-1-1024x576.jpeg?resize=525%2C300 1.5x"},"classes":[]},{"id":16,"url":"https:\/\/www.orton-gillingham.fr\/?page_id=16&lang=fr","url_meta":{"origin":377,"position":4},"title":"Se former \u00e0 la m\u00e9thode OML","author":"Valentin Lefebvre","date":"15 ao\u00fbt 2015","format":false,"excerpt":"Participer \u00e0 une formation professionnelle online, signifie d\u00e9gager du temps de travail personnel. Un vrai travail et une discipline s\u2019imposent pour r\u00e9ellement profiter de ce que vous avez d\u00e9cid\u00e9 en signant le contrat. R\u00e9fl\u00e9chissez bien avant. Etant donn\u00e9 qu\u2019il s\u2019agit d\u2019une formation e-learning, il vous faut le financement d\u00e8s l'inscription.\u2026","rel":"","context":"Article similaire","block_context":{"text":"Article similaire","link":""},"img":{"alt_text":"","src":"https:\/\/i0.wp.com\/www.orton-gillingham.fr\/wp-content\/uploads\/2023\/11\/Capture-de%CC%81cran-2023-11-20-a%CC%80-14.56.13-1024x676.png?resize=350%2C200","width":350,"height":200,"srcset":"https:\/\/i0.wp.com\/www.orton-gillingham.fr\/wp-content\/uploads\/2023\/11\/Capture-de%CC%81cran-2023-11-20-a%CC%80-14.56.13-1024x676.png?resize=350%2C200 1x, https:\/\/i0.wp.com\/www.orton-gillingham.fr\/wp-content\/uploads\/2023\/11\/Capture-de%CC%81cran-2023-11-20-a%CC%80-14.56.13-1024x676.png?resize=525%2C300 1.5x"},"classes":[]},{"id":442,"url":"https:\/\/www.orton-gillingham.fr\/?page_id=442&lang=fr","url_meta":{"origin":377,"position":5},"title":"Vid\u00e9os","author":"","date":"1 septembre 2016","format":false,"excerpt":"Comment utiliser une des techniques de la m\u00e9thode OML, comme celle de d\u00e9composition des phon\u00e8mes des syllabes https:\/\/www.youtube.com\/watch?v=YJBLN8LiIYA Comment fabriquer votre support de cartes OML en tissu https:\/\/www.youtube.com\/watch?v=zEl0c4tNNmA&ab_channel=MethodeOML Pr\u00e9sentation de la m\u00e9thode en octobre 2021 https:\/\/youtu.be\/xIf_ETiEKQo Webinaire de pr\u00e9sentation de la m\u00e9thode OML, avril 2017 https:\/\/youtu.be\/6-L-GXmPJmU Pr\u00e9sentation de la m\u00e9thode\u2026","rel":"","context":"Article similaire","block_context":{"text":"Article similaire","link":""},"img":{"alt_text":"Couverture du cahier 2","src":"https:\/\/i0.wp.com\/www.orton-gillingham.fr\/wp-content\/uploads\/2015\/08\/Book2aD-CoverPreview1.jpeg?resize=350%2C200","width":350,"height":200,"srcset":"https:\/\/i0.wp.com\/www.orton-gillingham.fr\/wp-content\/uploads\/2015\/08\/Book2aD-CoverPreview1.jpeg?resize=350%2C200 1x, https:\/\/i0.wp.com\/www.orton-gillingham.fr\/wp-content\/uploads\/2015\/08\/Book2aD-CoverPreview1.jpeg?resize=525%2C300 1.5x, https:\/\/i0.wp.com\/www.orton-gillingham.fr\/wp-content\/uploads\/2015\/08\/Book2aD-CoverPreview1.jpeg?resize=700%2C400 2x"},"classes":[]}],"_links":{"self":[{"href":"https:\/\/www.orton-gillingham.fr\/index.php?rest_route=\/wp\/v2\/pages\/377","targetHints":{"allow":["GET"]}}],"collection":[{"href":"https:\/\/www.orton-gillingham.fr\/index.php?rest_route=\/wp\/v2\/pages"}],"about":[{"href":"https:\/\/www.orton-gillingham.fr\/index.php?rest_route=\/wp\/v2\/types\/page"}],"author":[{"embeddable":true,"href":"https:\/\/www.orton-gillingham.fr\/index.php?rest_route=\/wp\/v2\/users\/2"}],"replies":[{"embeddable":true,"href":"https:\/\/www.orton-gillingham.fr\/index.php?rest_route=%2Fwp%2Fv2%2Fcomments&post=377"}],"version-history":[{"count":3,"href":"https:\/\/www.orton-gillingham.fr\/index.php?rest_route=\/wp\/v2\/pages\/377\/revisions"}],"predecessor-version":[{"id":383,"href":"https:\/\/www.orton-gillingham.fr\/index.php?rest_route=\/wp\/v2\/pages\/377\/revisions\/383"}],"wp:attachment":[{"href":"https:\/\/www.orton-gillingham.fr\/index.php?rest_route=%2Fwp%2Fv2%2Fmedia&parent=377"}],"curies":[{"name":"wp","href":"https:\/\/api.w.org\/{rel}","templated":true}]}}