{"id":32,"date":"2015-08-16T20:04:42","date_gmt":"2015-08-16T19:04:42","guid":{"rendered":"http:\/\/www.orton-gillingham.fr\/?page_id=32"},"modified":"2022-02-01T16:57:55","modified_gmt":"2022-02-01T15:57:55","slug":"mentions-legales","status":"publish","type":"page","link":"https:\/\/www.orton-gillingham.fr\/?page_id=32&lang=fr","title":{"rendered":"Mentions l\u00e9gales"},"content":{"rendered":"<p>Murielle LEFEBVRE<br \/>\nCap Oc\u00e9an 85<br \/>\n11 Rue Bisson<br \/>\n85100 LES SABLES D&rsquo;OLONNE<\/p>\n<p>email : contactmethodeoml @ gmail.com (sans les espaces, bien s\u00fbr !)<\/p>\n<div><\/div>\n<h2>Droits d\u2019auteure : Murielle Lefebvre<\/h2>\n<div>Tout le contenu publi\u00e9 sur les sites internet ou application mobile <strong>methode-oml.fr ou les d\u00e9riv\u00e9s<\/strong> est prot\u00e9g\u00e9 par des droits d\u2019auteur.<\/div>\n<div>Tous les droits sont r\u00e9serv\u00e9s.<\/div>\n<div>Toute(s) utilisation(s), reproduction(s), copie(s), ou reproduction partielle pour d\u2019autres utilisations est(sont) soumises) \u00e0 une autorisation \u00e9crite.<\/div>\n<div><strong>\u00a9 Copyright Murielle LEFEBVRE \u2013 Tous droits r\u00e9serv\u00e9s<\/strong><\/div>\n<div>\n<div>\n<h2>Coordonn\u00e9es de l&rsquo;h\u00e9bergeur<\/h2>\n<p>OVH<br \/>\nRCS Lille M\u00e9tropole 424 761 419 00045<br \/>\nSi\u00e8ge social : 2 rue Kellermann &#8211; 59100 Roubaix &#8211; France.<br \/>\nDirecteur de la publication : Octave KLABA<\/p>\n<\/div>\n<\/div>\n","protected":false},"excerpt":{"rendered":"<p>Murielle LEFEBVRE Cap Oc\u00e9an 85 11 Rue Bisson 85100 LES SABLES D&rsquo;OLONNE email : contactmethodeoml @ gmail.com (sans les espaces, bien s\u00fbr !) Droits d\u2019auteure : Murielle Lefebvre Tout le contenu publi\u00e9 sur les sites internet ou application mobile methode-oml.fr ou les d\u00e9riv\u00e9s est prot\u00e9g\u00e9 par des droits d\u2019auteur. Tous les droits sont r\u00e9serv\u00e9s. Toute(s) [&hellip;]<\/p>\n","protected":false},"author":2,"featured_media":0,"parent":0,"menu_order":0,"comment_status":"closed","ping_status":"open","template":"","meta":{"footnotes":""},"class_list":["post-32","page","type-page","status-publish","hentry"],"jetpack_sharing_enabled":true,"jetpack_shortlink":"https:\/\/wp.me\/P74tIW-w","jetpack-related-posts":[{"id":8,"url":"http:\/\/www.orton-gillingham.fr\/?page_id=8&lang=fr","url_meta":{"origin":32,"position":0},"title":"Derni\u00e8res actualit\u00e9s sur la m\u00e9thode OML","author":"Valentin Lefebvre","date":"15 ao\u00fbt 2015","format":false,"excerpt":"\u00a1Un cuaderno nuevo que presentaremos en Washington DC en marzo pr\u00f3ximo! https:\/\/youtube.com\/shorts\/CWHhD4u_8HM?feature=share \u00a0 \u00a0 Voici des exemples des supports cahiers que nous proposons. Ils sont compl\u00e9mentaires des le\u00e7ons donn\u00e9es par l'enseignant avec du mat\u00e9riel multisensoriel basique que nous vous pr\u00e9senterons \u00e0 Washington en 2026. \u00a0 -------------------------------------------------------------------- En 2026, Murielle et\u2026","rel":"","context":"Article similaire","block_context":{"text":"Article similaire","link":""},"img":{"alt_text":"","src":"https:\/\/i0.wp.com\/www.orton-gillingham.fr\/wp-content\/uploads\/2025\/12\/Capture-de%CC%81cran-2025-11-30-a%CC%80-16.15.16.png?resize=350%2C200","width":350,"height":200,"srcset":"https:\/\/i0.wp.com\/www.orton-gillingham.fr\/wp-content\/uploads\/2025\/12\/Capture-de%CC%81cran-2025-11-30-a%CC%80-16.15.16.png?resize=350%2C200 1x, https:\/\/i0.wp.com\/www.orton-gillingham.fr\/wp-content\/uploads\/2025\/12\/Capture-de%CC%81cran-2025-11-30-a%CC%80-16.15.16.png?resize=525%2C300 1.5x, https:\/\/i0.wp.com\/www.orton-gillingham.fr\/wp-content\/uploads\/2025\/12\/Capture-de%CC%81cran-2025-11-30-a%CC%80-16.15.16.png?resize=700%2C400 2x"},"classes":[]},{"id":12,"url":"https:\/\/www.orton-gillingham.fr\/?page_id=12&lang=fr","url_meta":{"origin":32,"position":1},"title":"Qui sommes-nous ?","author":"Valentin Lefebvre","date":"15 ao\u00fbt 2015","format":false,"excerpt":"Murielle De formation mixte de base (Bachelor en Informatique et Master en Ressources Humaines) et trilingue (fran\u00e7ais-anglais-espagnol), j\u2019ai suivi ensuite plusieurs formations de reconversion dans des domaines sp\u00e9cifiques de l'Education et le coaching mental : Montessori (Europe et USA) niveaux 0-3 ans, niveau 3-6 ans, niveau 6-12 et niveau 12-15\u2026","rel":"","context":"Article similaire","block_context":{"text":"Article similaire","link":""},"img":{"alt_text":"","src":"https:\/\/i0.wp.com\/www.orton-gillingham.fr\/wp-content\/uploads\/2019\/12\/portrait-mumu-juillet-2019-300x300.jpg?resize=350%2C200","width":350,"height":200},"classes":[]},{"id":574,"url":"https:\/\/www.orton-gillingham.fr\/?page_id=574&lang=fr","url_meta":{"origin":32,"position":2},"title":"Questions sur la m\u00e9thode OML","author":"Valentin Lefebvre","date":"18 mai 2017","format":false,"excerpt":"Questions et r\u00e9ponses \u00e9crites re\u00e7ues \u00e0 l\u2019occasion du webinaire portant sur la m\u00e9thode OML en avril 2017. \"Avec cette m\u00e9thode, comment pr\u00e9server le libre choix de l'activit\u00e9 de l'enfant ? Apr\u00e8s les pr\u00e9sentations avec l'adulte, a-t-il la possibilit\u00e9 d'y revenir seul et comment s'op\u00e8re le contr\u00f4le de l'erreur ?\" Dans\u2026","rel":"","context":"Article similaire","block_context":{"text":"Article similaire","link":""},"img":{"alt_text":"","src":"https:\/\/i0.wp.com\/www.orton-gillingham.fr\/wp-content\/uploads\/2019\/12\/Enfant-Adulte-lecon-300x195.jpg?resize=350%2C200","width":350,"height":200},"classes":[]},{"id":24,"url":"https:\/\/www.orton-gillingham.fr\/?page_id=24&lang=fr","url_meta":{"origin":32,"position":3},"title":"Acheter les cahiers OML Montessori","author":"Valentin Lefebvre","date":"15 ao\u00fbt 2015","format":false,"excerpt":"Septembre 2025 Pour faire suite \u00e0 des demandes de la part d'enseignants de classes d'apprenants dans les \u00e9coles de France et \u00e0 l'international utilisant la m\u00e9thode OML, nous avons la joie de vous annoncer la cr\u00e9ation d'une licence-\u00e9cole. Quel est le principe ? Pour les apprenants d'une m\u00eame \u00e9cole, nous\u2026","rel":"","context":"Article similaire","block_context":{"text":"Article similaire","link":""},"img":{"alt_text":"","src":"https:\/\/i0.wp.com\/blog.montessori.fr\/wp-content\/uploads\/2025\/09\/licence-ecole-OML.001-1-1024x576.jpeg?resize=350%2C200","width":350,"height":200,"srcset":"https:\/\/i0.wp.com\/blog.montessori.fr\/wp-content\/uploads\/2025\/09\/licence-ecole-OML.001-1-1024x576.jpeg?resize=350%2C200 1x, https:\/\/i0.wp.com\/blog.montessori.fr\/wp-content\/uploads\/2025\/09\/licence-ecole-OML.001-1-1024x576.jpeg?resize=525%2C300 1.5x"},"classes":[]},{"id":377,"url":"https:\/\/www.orton-gillingham.fr\/?page_id=377&lang=fr","url_meta":{"origin":32,"position":4},"title":"Presse","author":"Valentin Lefebvre","date":"25 f\u00e9vrier 2016","format":false,"excerpt":"T\u00e9l\u00e9chargez le dossier\u00a0Presse OML Merci pour votre visite, bonne journ\u00e9e \u00e0 vous.","rel":"","context":"Article similaire","block_context":{"text":"Article similaire","link":""},"img":{"alt_text":"","src":"","width":0,"height":0},"classes":[]},{"id":16,"url":"https:\/\/www.orton-gillingham.fr\/?page_id=16&lang=fr","url_meta":{"origin":32,"position":5},"title":"Se former \u00e0 la m\u00e9thode OML","author":"Valentin Lefebvre","date":"15 ao\u00fbt 2015","format":false,"excerpt":"Participer \u00e0 une formation professionnelle online, signifie d\u00e9gager du temps de travail personnel. Un vrai travail et une discipline s\u2019imposent pour r\u00e9ellement profiter de ce que vous avez d\u00e9cid\u00e9 en signant le contrat. R\u00e9fl\u00e9chissez bien avant. Etant donn\u00e9 qu\u2019il s\u2019agit d\u2019une formation e-learning, il vous faut le financement d\u00e8s l'inscription.\u2026","rel":"","context":"Article similaire","block_context":{"text":"Article similaire","link":""},"img":{"alt_text":"","src":"https:\/\/i0.wp.com\/www.orton-gillingham.fr\/wp-content\/uploads\/2023\/11\/Capture-de%CC%81cran-2023-11-20-a%CC%80-14.56.13-1024x676.png?resize=350%2C200","width":350,"height":200,"srcset":"https:\/\/i0.wp.com\/www.orton-gillingham.fr\/wp-content\/uploads\/2023\/11\/Capture-de%CC%81cran-2023-11-20-a%CC%80-14.56.13-1024x676.png?resize=350%2C200 1x, https:\/\/i0.wp.com\/www.orton-gillingham.fr\/wp-content\/uploads\/2023\/11\/Capture-de%CC%81cran-2023-11-20-a%CC%80-14.56.13-1024x676.png?resize=525%2C300 1.5x"},"classes":[]}],"_links":{"self":[{"href":"https:\/\/www.orton-gillingham.fr\/index.php?rest_route=\/wp\/v2\/pages\/32","targetHints":{"allow":["GET"]}}],"collection":[{"href":"https:\/\/www.orton-gillingham.fr\/index.php?rest_route=\/wp\/v2\/pages"}],"about":[{"href":"https:\/\/www.orton-gillingham.fr\/index.php?rest_route=\/wp\/v2\/types\/page"}],"author":[{"embeddable":true,"href":"https:\/\/www.orton-gillingham.fr\/index.php?rest_route=\/wp\/v2\/users\/2"}],"replies":[{"embeddable":true,"href":"https:\/\/www.orton-gillingham.fr\/index.php?rest_route=%2Fwp%2Fv2%2Fcomments&post=32"}],"version-history":[{"count":13,"href":"https:\/\/www.orton-gillingham.fr\/index.php?rest_route=\/wp\/v2\/pages\/32\/revisions"}],"predecessor-version":[{"id":1108,"href":"https:\/\/www.orton-gillingham.fr\/index.php?rest_route=\/wp\/v2\/pages\/32\/revisions\/1108"}],"wp:attachment":[{"href":"https:\/\/www.orton-gillingham.fr\/index.php?rest_route=%2Fwp%2Fv2%2Fmedia&parent=32"}],"curies":[{"name":"wp","href":"https:\/\/api.w.org\/{rel}","templated":true}]}}