{"id":28,"date":"2015-08-15T22:11:08","date_gmt":"2015-08-15T21:11:08","guid":{"rendered":"http:\/\/www.orton-gillingham.fr\/?page_id=28"},"modified":"2015-09-01T19:24:03","modified_gmt":"2015-09-01T18:24:03","slug":"ressources","status":"publish","type":"page","link":"https:\/\/www.orton-gillingham.fr\/?page_id=28&lang=fr","title":{"rendered":"Ressources"},"content":{"rendered":"<p>Outils concrets \u00e0 commander<br \/>\n<a href=\"http:\/\/paperkit.net\/\">Cahiers Montessori<br \/>\nhttp:\/\/paperkit.net\/<\/a><\/p>\n<p>Sites sur la dyslexie<\/p>\n<p><a href=\"http:\/\/www.dysmoitout.org\/pratique\/pratique-glossaire.html\">http:\/\/www.dysmoitout.org\/pratique\/pratique-glossaire.html<br \/>\nhttp:\/\/news.stanford.edu\/news\/2015\/may\/reading-brain-phonics-052815.html<\/a><\/p>\n<p>&nbsp;<\/p>\n<p>Sites sur l&rsquo;enseignement du fran\u00e7ais seconde langue<\/p>\n<p><a href=\"http:\/\/www.ac-grenoble.fr\/casnav\/accueil\/JCRafoni2014\/index.php?post\/2014\/06\/16\/Jean-Charles-Rafoni-2014-conf%C3%A9rences-et-questions\">http:\/\/www.ac-grenoble.fr\/casnav\/accueil\/JCRafoni2014\/index.php?post\/2014\/06\/16\/Jean-Charles-Rafoni-2014-conf%C3%A9rences-et-questions<\/a><\/p>\n<p><a href=\"http:\/\/www.foad-spirit.net\/formation\/formation.php?id_programme_f=19\">http:\/\/www.foad-spirit.net\/formation\/formation.php?id_programme_f=19<\/a><\/p>\n<p><a href=\"http:\/\/aussiechildcarenetwork.com.au\/printables\/phonics-worksheets\/consonants-blends\/two-letter-blends\">http:\/\/aussiechildcarenetwork.com.au\/printables\/phonics-worksheets\/consonants-blends\/two-letter-blends<\/a><br \/>\nSites sur l&rsquo;enseignement de l&rsquo;anglais seconde langue (ou non)<\/p>\n<p><a href=\"http:\/\/bogglesworldesl.com\/consonantdigraphwords.htm\">http:\/\/jollylearning.co.uk\/gallery\/audio-2\/<br \/>\nhttp:\/\/bogglesworldesl.com\/consonantdigraphwords.htm<br \/>\n<\/a><a href=\"http:\/\/www.weallcanread.com\/spelling-practice-with-phonics.html\">http:\/\/www.newyorker.com\/science\/maria-konnikova\/how-children-learn-read<br \/>\nhttp:\/\/www.weallcanread.com\/spelling-practice-with-phonics.html<\/a><\/p>\n<p>Sites sur la langue des signes pour enfants (LSF, babies, etc..)<\/p>\n<p><a href=\"http:\/\/www.montessori.fr\">www.montessori.fr<br \/>\n<\/a><a href=\"http:\/\/www.signingtime.com\/resources\/dictionary\/\">http:\/\/www.signingtime.com\/resources\/dictionary\/<\/a><\/p>\n<p>Sites Montessori sur les langues<\/p>\n<p><a href=\"http:\/\/www.orton-gillingham.fr\">www.methode-oml.com <\/a><\/p>\n<p><a href=\"http:\/\/www.montessori.fr\">www.montessori.fr<\/a><\/p>\n<p>Sites sur le m\u00e9thode Orton-Gilligham<\/p>\n<p><span class=\"embed-youtube\" style=\"text-align:center; display: block;\"><iframe loading=\"lazy\" class=\"youtube-player\" width=\"600\" height=\"338\" src=\"https:\/\/www.youtube.com\/embed\/MAhotBMh-8c?version=3&#038;rel=1&#038;showsearch=0&#038;showinfo=1&#038;iv_load_policy=1&#038;fs=1&#038;hl=fr-FR&#038;autohide=2&#038;wmode=transparent\" allowfullscreen=\"true\" style=\"border:0;\" sandbox=\"allow-scripts allow-same-origin allow-popups allow-presentation allow-popups-to-escape-sandbox\"><\/iframe><\/span><\/p>\n<p><span class=\"embed-youtube\" style=\"text-align:center; display: block;\"><iframe loading=\"lazy\" class=\"youtube-player\" width=\"600\" height=\"338\" src=\"https:\/\/www.youtube.com\/embed\/qgvlnHg5tLk?version=3&#038;rel=1&#038;showsearch=0&#038;showinfo=1&#038;iv_load_policy=1&#038;fs=1&#038;hl=fr-FR&#038;autohide=2&#038;wmode=transparent&#038;listType=playlist&#038;list=PLxuIpcQBhbMLjxWkh1h8MbE2nWHnMYcGf\" allowfullscreen=\"true\" style=\"border:0;\" sandbox=\"allow-scripts allow-same-origin allow-popups allow-presentation allow-popups-to-escape-sandbox\"><\/iframe><\/span><\/p>\n","protected":false},"excerpt":{"rendered":"<p>Outils concrets \u00e0 commander Cahiers Montessori http:\/\/paperkit.net\/ Sites sur la dyslexie http:\/\/www.dysmoitout.org\/pratique\/pratique-glossaire.html http:\/\/news.stanford.edu\/news\/2015\/may\/reading-brain-phonics-052815.html &nbsp; Sites sur l&rsquo;enseignement du fran\u00e7ais seconde langue http:\/\/www.ac-grenoble.fr\/casnav\/accueil\/JCRafoni2014\/index.php?post\/2014\/06\/16\/Jean-Charles-Rafoni-2014-conf%C3%A9rences-et-questions http:\/\/www.foad-spirit.net\/formation\/formation.php?id_programme_f=19 http:\/\/aussiechildcarenetwork.com.au\/printables\/phonics-worksheets\/consonants-blends\/two-letter-blends Sites sur l&rsquo;enseignement de l&rsquo;anglais seconde langue (ou non) http:\/\/jollylearning.co.uk\/gallery\/audio-2\/ http:\/\/bogglesworldesl.com\/consonantdigraphwords.htm http:\/\/www.newyorker.com\/science\/maria-konnikova\/how-children-learn-read http:\/\/www.weallcanread.com\/spelling-practice-with-phonics.html Sites sur la langue des signes pour enfants (LSF, babies, etc..) www.montessori.fr http:\/\/www.signingtime.com\/resources\/dictionary\/ Sites Montessori sur les langues [&hellip;]<\/p>\n","protected":false},"author":2,"featured_media":0,"parent":0,"menu_order":0,"comment_status":"closed","ping_status":"open","template":"","meta":{"footnotes":""},"class_list":["post-28","page","type-page","status-publish","hentry"],"jetpack_sharing_enabled":true,"jetpack_shortlink":"https:\/\/wp.me\/P74tIW-s","jetpack-related-posts":[{"id":442,"url":"https:\/\/www.orton-gillingham.fr\/?page_id=442&lang=fr","url_meta":{"origin":28,"position":0},"title":"Vid\u00e9os","author":"","date":"1 septembre 2016","format":false,"excerpt":"Comment utiliser une des techniques de la m\u00e9thode OML, comme celle de d\u00e9composition des phon\u00e8mes des syllabes https:\/\/www.youtube.com\/watch?v=YJBLN8LiIYA Comment fabriquer votre support de cartes OML en tissu https:\/\/www.youtube.com\/watch?v=zEl0c4tNNmA&ab_channel=MethodeOML Pr\u00e9sentation de la m\u00e9thode en octobre 2021 https:\/\/youtu.be\/xIf_ETiEKQo Webinaire de pr\u00e9sentation de la m\u00e9thode OML, avril 2017 https:\/\/youtu.be\/6-L-GXmPJmU Pr\u00e9sentation de la m\u00e9thode\u2026","rel":"","context":"Article similaire","block_context":{"text":"Article similaire","link":""},"img":{"alt_text":"Couverture du cahier 2","src":"https:\/\/i0.wp.com\/www.orton-gillingham.fr\/wp-content\/uploads\/2015\/08\/Book2aD-CoverPreview1.jpeg?resize=350%2C200","width":350,"height":200,"srcset":"https:\/\/i0.wp.com\/www.orton-gillingham.fr\/wp-content\/uploads\/2015\/08\/Book2aD-CoverPreview1.jpeg?resize=350%2C200 1x, https:\/\/i0.wp.com\/www.orton-gillingham.fr\/wp-content\/uploads\/2015\/08\/Book2aD-CoverPreview1.jpeg?resize=525%2C300 1.5x, https:\/\/i0.wp.com\/www.orton-gillingham.fr\/wp-content\/uploads\/2015\/08\/Book2aD-CoverPreview1.jpeg?resize=700%2C400 2x"},"classes":[]},{"id":8,"url":"http:\/\/www.orton-gillingham.fr\/?page_id=8&lang=fr","url_meta":{"origin":28,"position":1},"title":"Derni\u00e8res actualit\u00e9s sur la m\u00e9thode OML","author":"Valentin Lefebvre","date":"15 ao\u00fbt 2015","format":false,"excerpt":"\u00a1Un cuaderno nuevo que presentaremos en Washington DC en marzo pr\u00f3ximo! https:\/\/youtube.com\/shorts\/CWHhD4u_8HM?feature=share \u00a0 \u00a0 Voici des exemples des supports cahiers que nous proposons. Ils sont compl\u00e9mentaires des le\u00e7ons donn\u00e9es par l'enseignant avec du mat\u00e9riel multisensoriel basique que nous vous pr\u00e9senterons \u00e0 Washington en 2026. \u00a0 -------------------------------------------------------------------- En 2026, Murielle et\u2026","rel":"","context":"Article similaire","block_context":{"text":"Article similaire","link":""},"img":{"alt_text":"","src":"https:\/\/i0.wp.com\/www.orton-gillingham.fr\/wp-content\/uploads\/2025\/12\/Capture-de%CC%81cran-2025-11-30-a%CC%80-16.15.16.png?resize=350%2C200","width":350,"height":200,"srcset":"https:\/\/i0.wp.com\/www.orton-gillingham.fr\/wp-content\/uploads\/2025\/12\/Capture-de%CC%81cran-2025-11-30-a%CC%80-16.15.16.png?resize=350%2C200 1x, https:\/\/i0.wp.com\/www.orton-gillingham.fr\/wp-content\/uploads\/2025\/12\/Capture-de%CC%81cran-2025-11-30-a%CC%80-16.15.16.png?resize=525%2C300 1.5x, https:\/\/i0.wp.com\/www.orton-gillingham.fr\/wp-content\/uploads\/2025\/12\/Capture-de%CC%81cran-2025-11-30-a%CC%80-16.15.16.png?resize=700%2C400 2x"},"classes":[]},{"id":24,"url":"https:\/\/www.orton-gillingham.fr\/?page_id=24&lang=fr","url_meta":{"origin":28,"position":2},"title":"Acheter les cahiers OML Montessori","author":"Valentin Lefebvre","date":"15 ao\u00fbt 2015","format":false,"excerpt":"Septembre 2025 Pour faire suite \u00e0 des demandes de la part d'enseignants de classes d'apprenants dans les \u00e9coles de France et \u00e0 l'international utilisant la m\u00e9thode OML, nous avons la joie de vous annoncer la cr\u00e9ation d'une licence-\u00e9cole. Quel est le principe ? Pour les apprenants d'une m\u00eame \u00e9cole, nous\u2026","rel":"","context":"Article similaire","block_context":{"text":"Article similaire","link":""},"img":{"alt_text":"","src":"https:\/\/i0.wp.com\/blog.montessori.fr\/wp-content\/uploads\/2025\/09\/licence-ecole-OML.001-1-1024x576.jpeg?resize=350%2C200","width":350,"height":200,"srcset":"https:\/\/i0.wp.com\/blog.montessori.fr\/wp-content\/uploads\/2025\/09\/licence-ecole-OML.001-1-1024x576.jpeg?resize=350%2C200 1x, https:\/\/i0.wp.com\/blog.montessori.fr\/wp-content\/uploads\/2025\/09\/licence-ecole-OML.001-1-1024x576.jpeg?resize=525%2C300 1.5x"},"classes":[]},{"id":32,"url":"https:\/\/www.orton-gillingham.fr\/?page_id=32&lang=fr","url_meta":{"origin":28,"position":3},"title":"Mentions l\u00e9gales","author":"Valentin Lefebvre","date":"16 ao\u00fbt 2015","format":false,"excerpt":"Murielle LEFEBVRE Cap Oc\u00e9an 85 11 Rue Bisson 85100 LES SABLES D'OLONNE email : contactmethodeoml @ gmail.com (sans les espaces, bien s\u00fbr !) Droits d\u2019auteure : Murielle Lefebvre Tout le contenu publi\u00e9 sur les sites internet ou application mobile methode-oml.fr ou les d\u00e9riv\u00e9s est prot\u00e9g\u00e9 par des droits d\u2019auteur. Tous\u2026","rel":"","context":"Article similaire","block_context":{"text":"Article similaire","link":""},"img":{"alt_text":"","src":"","width":0,"height":0},"classes":[]},{"id":12,"url":"https:\/\/www.orton-gillingham.fr\/?page_id=12&lang=fr","url_meta":{"origin":28,"position":4},"title":"Qui sommes-nous ?","author":"Valentin Lefebvre","date":"15 ao\u00fbt 2015","format":false,"excerpt":"Murielle De formation mixte de base (Bachelor en Informatique et Master en Ressources Humaines) et trilingue (fran\u00e7ais-anglais-espagnol), j\u2019ai suivi ensuite plusieurs formations de reconversion dans des domaines sp\u00e9cifiques de l'Education et le coaching mental : Montessori (Europe et USA) niveaux 0-3 ans, niveau 3-6 ans, niveau 6-12 et niveau 12-15\u2026","rel":"","context":"Article similaire","block_context":{"text":"Article similaire","link":""},"img":{"alt_text":"","src":"https:\/\/i0.wp.com\/www.orton-gillingham.fr\/wp-content\/uploads\/2019\/12\/portrait-mumu-juillet-2019-300x300.jpg?resize=350%2C200","width":350,"height":200},"classes":[]},{"id":576,"url":"https:\/\/www.orton-gillingham.fr\/?page_id=576&lang=fr","url_meta":{"origin":28,"position":5},"title":"Questions sur la formation \u00e0 la m\u00e9thode OML","author":"Valentin Lefebvre","date":"18 mai 2017","format":false,"excerpt":"A lire avant de vous inscrire \u00e0 nos formations professionnelles OML\u2026 # Quelle formation suivre ? Nous proposons deux formations online pour les enfants \u00e0 partir de 5 ans (la m\u00e9thode peut s'adapter aux adultes) : En langue anglaise (anglais am\u00e9ricain) En langue fran\u00e7aise Cette formation est unique en langue\u2026","rel":"","context":"Article similaire","block_context":{"text":"Article similaire","link":""},"img":{"alt_text":"","src":"","width":0,"height":0},"classes":[]}],"_links":{"self":[{"href":"https:\/\/www.orton-gillingham.fr\/index.php?rest_route=\/wp\/v2\/pages\/28","targetHints":{"allow":["GET"]}}],"collection":[{"href":"https:\/\/www.orton-gillingham.fr\/index.php?rest_route=\/wp\/v2\/pages"}],"about":[{"href":"https:\/\/www.orton-gillingham.fr\/index.php?rest_route=\/wp\/v2\/types\/page"}],"author":[{"embeddable":true,"href":"https:\/\/www.orton-gillingham.fr\/index.php?rest_route=\/wp\/v2\/users\/2"}],"replies":[{"embeddable":true,"href":"https:\/\/www.orton-gillingham.fr\/index.php?rest_route=%2Fwp%2Fv2%2Fcomments&post=28"}],"version-history":[{"count":12,"href":"https:\/\/www.orton-gillingham.fr\/index.php?rest_route=\/wp\/v2\/pages\/28\/revisions"}],"predecessor-version":[{"id":194,"href":"https:\/\/www.orton-gillingham.fr\/index.php?rest_route=\/wp\/v2\/pages\/28\/revisions\/194"}],"wp:attachment":[{"href":"https:\/\/www.orton-gillingham.fr\/index.php?rest_route=%2Fwp%2Fv2%2Fmedia&parent=28"}],"curies":[{"name":"wp","href":"https:\/\/api.w.org\/{rel}","templated":true}]}}