{"id":12,"date":"2015-08-15T22:08:13","date_gmt":"2015-08-15T21:08:13","guid":{"rendered":"http:\/\/www.orton-gillingham.fr\/?page_id=12"},"modified":"2021-06-28T15:35:21","modified_gmt":"2021-06-28T14:35:21","slug":"qui-sommes-nous","status":"publish","type":"page","link":"https:\/\/www.orton-gillingham.fr\/?page_id=12&lang=fr","title":{"rendered":"Qui sommes-nous ?"},"content":{"rendered":"<p><strong>Murielle<\/strong><\/p>\n<p><a href=\"https:\/\/i0.wp.com\/www.orton-gillingham.fr\/wp-content\/uploads\/2019\/12\/portrait-mumu-juillet-2019.jpg\"><img data-recalc-dims=\"1\" loading=\"lazy\" decoding=\"async\" data-attachment-id=\"769\" data-permalink=\"https:\/\/www.orton-gillingham.fr\/?attachment_id=769\" data-orig-file=\"https:\/\/i0.wp.com\/www.orton-gillingham.fr\/wp-content\/uploads\/2019\/12\/portrait-mumu-juillet-2019.jpg?fit=466%2C466&amp;ssl=1\" data-orig-size=\"466,466\" data-comments-opened=\"0\" data-image-meta=\"{&quot;aperture&quot;:&quot;0&quot;,&quot;credit&quot;:&quot;&quot;,&quot;camera&quot;:&quot;&quot;,&quot;caption&quot;:&quot;&quot;,&quot;created_timestamp&quot;:&quot;0&quot;,&quot;copyright&quot;:&quot;&quot;,&quot;focal_length&quot;:&quot;0&quot;,&quot;iso&quot;:&quot;0&quot;,&quot;shutter_speed&quot;:&quot;0&quot;,&quot;title&quot;:&quot;&quot;,&quot;orientation&quot;:&quot;1&quot;}\" data-image-title=\"Murielle jullet 2019\" data-image-description=\"\" data-image-caption=\"\" data-medium-file=\"https:\/\/i0.wp.com\/www.orton-gillingham.fr\/wp-content\/uploads\/2019\/12\/portrait-mumu-juillet-2019.jpg?fit=300%2C300&amp;ssl=1\" data-large-file=\"https:\/\/i0.wp.com\/www.orton-gillingham.fr\/wp-content\/uploads\/2019\/12\/portrait-mumu-juillet-2019.jpg?fit=466%2C466&amp;ssl=1\" class=\"wp-image-769 aligncenter\" src=\"https:\/\/i0.wp.com\/www.orton-gillingham.fr\/wp-content\/uploads\/2019\/12\/portrait-mumu-juillet-2019.jpg?resize=160%2C160\" alt=\"\" width=\"160\" height=\"160\" srcset=\"https:\/\/i0.wp.com\/www.orton-gillingham.fr\/wp-content\/uploads\/2019\/12\/portrait-mumu-juillet-2019.jpg?resize=300%2C300&amp;ssl=1 300w, https:\/\/i0.wp.com\/www.orton-gillingham.fr\/wp-content\/uploads\/2019\/12\/portrait-mumu-juillet-2019.jpg?resize=150%2C150&amp;ssl=1 150w, https:\/\/i0.wp.com\/www.orton-gillingham.fr\/wp-content\/uploads\/2019\/12\/portrait-mumu-juillet-2019.jpg?w=466&amp;ssl=1 466w\" sizes=\"auto, (max-width: 160px) 100vw, 160px\" \/><\/a><\/p>\n<table border=\"0\" cellspacing=\"0\" cellpadding=\"0\" align=\"center\">\n<tbody>\n<tr>\n<td align=\"center\" width=\"120\"><\/td>\n<\/tr>\n<\/tbody>\n<\/table>\n<p style=\"text-align: justify;\">De formation mixte de base (Bachelor en Informatique et Master en Ressources Humaines) et trilingue (fran\u00e7ais-anglais-espagnol), j\u2019ai suivi ensuite plusieurs formations de reconversion dans des domaines sp\u00e9cifiques de l&rsquo;Education et le coaching mental :<\/p>\n<ul>\n<li style=\"text-align: justify;\">Montessori (Europe et USA) niveaux 0-3 ans, niveau 3-6 ans, niveau 6-12 et niveau 12-15 ans<\/li>\n<li style=\"text-align: justify;\">Orton Gillingham (USA) pour les enfants et adultes dyslexiques<\/li>\n<li>Langue des signes pour les b\u00e9b\u00e9s LSFBB<\/li>\n<li>Makaton, (outil multi-modal d\u2019aide \u00e0 la communication et au langage utilisant la parole, les signes et les pictogrammes).<\/li>\n<li style=\"text-align: justify;\">Gestion mentale (PEEP France) et La Garanderie<\/li>\n<li>Gestion mentale (Trans Faire)<\/li>\n<\/ul>\n<p style=\"text-align: justify;\">Ayant eu l&rsquo;opportunit\u00e9 de parler plusieurs langues durant mes exp\u00e9riences professionnelles (et mes voyages) en tant que formatrice, consultante p\u00e9dagogique et coach p\u00e9dagogique, je me suis heurt\u00e9e aux <strong>m\u00e9thodes d&rsquo;apprentissage et de perfectionnement<\/strong> peu souvent adapt\u00e9es \u00e0 mes besoins sp\u00e9cifiques (ni \u00e0 ceux des enfants).<\/p>\n<p style=\"text-align: justify;\">C&rsquo;est pour cette raison que l&rsquo;approche de la p\u00e9dagogie Montessori d&rsquo;une part et de la m\u00e9thode OG d&rsquo;autre part ont r\u00e9sonn\u00e9 en moi lors de mes interventions d&rsquo;enseignement des langues aupr\u00e8s d&rsquo;enfants et\/ou d&rsquo;adultes.<\/p>\n<p style=\"text-align: justify;\">En tant qu&rsquo;\u00e9ducatrice Montessori d&rsquo;une part et d&rsquo;enseignante en langue fran\u00e7aise aupr\u00e8s d&rsquo;anglophones d&rsquo;autre part, j&rsquo;utilise\u00a0 au quotidien ces outils et je voudrais en faire profiter les \u00e9ducateurs, enseignants, orthophonistes, parents autour de moi.<\/p>\n<p style=\"text-align: justify;\">Bienvenue dans cet univers de partage d&rsquo;un apprentissage multi-sensoriel des langues, si longuement esp\u00e9r\u00e9 par les apprenants !<\/p>\n<p>==========<\/p>\n<p><strong>Alain<\/strong><\/p>\n<table border=\"0\" width=\"640\" cellspacing=\"0\" cellpadding=\"0\" align=\"center\">\n<tbody>\n<tr>\n<td align=\"center\" width=\"130\"><a href=\"https:\/\/i0.wp.com\/formations.montessori.fr\/wordpress\/wp-content\/uploads\/2011\/08\/portrait-officiel.jpg\"><img data-recalc-dims=\"1\" loading=\"lazy\" decoding=\"async\" class=\"aligncenter wp-image-749\" src=\"https:\/\/i0.wp.com\/formations.montessori.fr\/wordpress\/wp-content\/uploads\/2011\/08\/portrait-officiel.jpg?resize=142%2C166\" alt=\"portrait officiel\" width=\"142\" height=\"166\" \/><\/a><\/td>\n<\/tr>\n<\/tbody>\n<\/table>\n<p>Responsable technique du site methode-oml.com et de ses d\u00e9riv\u00e9s.<\/p>\n<p>=======<\/p>\n","protected":false},"excerpt":{"rendered":"<p>Murielle De formation mixte de base (Bachelor en Informatique et Master en Ressources Humaines) et trilingue (fran\u00e7ais-anglais-espagnol), j\u2019ai suivi ensuite plusieurs formations de reconversion dans des domaines sp\u00e9cifiques de l&rsquo;Education et le coaching mental : Montessori (Europe et USA) niveaux 0-3 ans, niveau 3-6 ans, niveau 6-12 et niveau 12-15 ans Orton Gillingham (USA) pour [&hellip;]<\/p>\n","protected":false},"author":2,"featured_media":0,"parent":0,"menu_order":0,"comment_status":"closed","ping_status":"open","template":"","meta":{"footnotes":""},"class_list":["post-12","page","type-page","status-publish","hentry"],"jetpack_sharing_enabled":true,"jetpack_shortlink":"https:\/\/wp.me\/P74tIW-c","jetpack-related-posts":[{"id":576,"url":"https:\/\/www.orton-gillingham.fr\/?page_id=576&lang=fr","url_meta":{"origin":12,"position":0},"title":"Questions sur la formation \u00e0 la m\u00e9thode OML","author":"Valentin Lefebvre","date":"18 mai 2017","format":false,"excerpt":"A lire avant de vous inscrire \u00e0 nos formations professionnelles OML\u2026 # Quelle formation suivre ? Nous proposons deux formations online pour les enfants \u00e0 partir de 5 ans (la m\u00e9thode peut s'adapter aux adultes) : En langue anglaise (anglais am\u00e9ricain) En langue fran\u00e7aise Cette formation est unique en langue\u2026","rel":"","context":"Article similaire","block_context":{"text":"Article similaire","link":""},"img":{"alt_text":"","src":"","width":0,"height":0},"classes":[]},{"id":514,"url":"https:\/\/www.orton-gillingham.fr\/?page_id=514&lang=fr","url_meta":{"origin":12,"position":1},"title":"Questions &#038; r\u00e9ponses","author":"Valentin Lefebvre","date":"31 d\u00e9cembre 2016","format":false,"excerpt":"A lire avant de vous inscrire \u00e0 nos formations professionnelles OML\u2026 # Quelle formation suivre ? Nous proposons deux formations e-learning pour les accompagnateurs d'enfants \u00e0 partir de 5 ans (la m\u00e9thode peut s'adapter aux adultes) : En langue anglaise (anglais am\u00e9ricain) En langue fran\u00e7aise Cette formation est unique car\u2026","rel":"","context":"Article similaire","block_context":{"text":"Article similaire","link":""},"img":{"alt_text":"","src":"","width":0,"height":0},"classes":[]},{"id":8,"url":"http:\/\/www.orton-gillingham.fr\/?page_id=8&lang=fr","url_meta":{"origin":12,"position":2},"title":"Derni\u00e8res actualit\u00e9s sur la m\u00e9thode OML","author":"Valentin Lefebvre","date":"15 ao\u00fbt 2015","format":false,"excerpt":"\u00a1Un cuaderno nuevo que presentaremos en Washington DC en marzo pr\u00f3ximo! https:\/\/youtube.com\/shorts\/CWHhD4u_8HM?feature=share \u00a0 \u00a0 Voici des exemples des supports cahiers que nous proposons. Ils sont compl\u00e9mentaires des le\u00e7ons donn\u00e9es par l'enseignant avec du mat\u00e9riel multisensoriel basique que nous vous pr\u00e9senterons \u00e0 Washington en 2026. \u00a0 -------------------------------------------------------------------- En 2026, Murielle et\u2026","rel":"","context":"Article similaire","block_context":{"text":"Article similaire","link":""},"img":{"alt_text":"","src":"https:\/\/i0.wp.com\/www.orton-gillingham.fr\/wp-content\/uploads\/2025\/12\/Capture-de%CC%81cran-2025-11-30-a%CC%80-16.15.16.png?resize=350%2C200","width":350,"height":200,"srcset":"https:\/\/i0.wp.com\/www.orton-gillingham.fr\/wp-content\/uploads\/2025\/12\/Capture-de%CC%81cran-2025-11-30-a%CC%80-16.15.16.png?resize=350%2C200 1x, https:\/\/i0.wp.com\/www.orton-gillingham.fr\/wp-content\/uploads\/2025\/12\/Capture-de%CC%81cran-2025-11-30-a%CC%80-16.15.16.png?resize=525%2C300 1.5x, https:\/\/i0.wp.com\/www.orton-gillingham.fr\/wp-content\/uploads\/2025\/12\/Capture-de%CC%81cran-2025-11-30-a%CC%80-16.15.16.png?resize=700%2C400 2x"},"classes":[]},{"id":24,"url":"https:\/\/www.orton-gillingham.fr\/?page_id=24&lang=fr","url_meta":{"origin":12,"position":3},"title":"Acheter les cahiers OML Montessori","author":"Valentin Lefebvre","date":"15 ao\u00fbt 2015","format":false,"excerpt":"Septembre 2025 Pour faire suite \u00e0 des demandes de la part d'enseignants de classes d'apprenants dans les \u00e9coles de France et \u00e0 l'international utilisant la m\u00e9thode OML, nous avons la joie de vous annoncer la cr\u00e9ation d'une licence-\u00e9cole. Quel est le principe ? Pour les apprenants d'une m\u00eame \u00e9cole, nous\u2026","rel":"","context":"Article similaire","block_context":{"text":"Article similaire","link":""},"img":{"alt_text":"","src":"https:\/\/i0.wp.com\/blog.montessori.fr\/wp-content\/uploads\/2025\/09\/licence-ecole-OML.001-1-1024x576.jpeg?resize=350%2C200","width":350,"height":200,"srcset":"https:\/\/i0.wp.com\/blog.montessori.fr\/wp-content\/uploads\/2025\/09\/licence-ecole-OML.001-1-1024x576.jpeg?resize=350%2C200 1x, https:\/\/i0.wp.com\/blog.montessori.fr\/wp-content\/uploads\/2025\/09\/licence-ecole-OML.001-1-1024x576.jpeg?resize=525%2C300 1.5x"},"classes":[]},{"id":574,"url":"https:\/\/www.orton-gillingham.fr\/?page_id=574&lang=fr","url_meta":{"origin":12,"position":4},"title":"Questions sur la m\u00e9thode OML","author":"Valentin Lefebvre","date":"18 mai 2017","format":false,"excerpt":"Questions et r\u00e9ponses \u00e9crites re\u00e7ues \u00e0 l\u2019occasion du webinaire portant sur la m\u00e9thode OML en avril 2017. \"Avec cette m\u00e9thode, comment pr\u00e9server le libre choix de l'activit\u00e9 de l'enfant ? Apr\u00e8s les pr\u00e9sentations avec l'adulte, a-t-il la possibilit\u00e9 d'y revenir seul et comment s'op\u00e8re le contr\u00f4le de l'erreur ?\" Dans\u2026","rel":"","context":"Article similaire","block_context":{"text":"Article similaire","link":""},"img":{"alt_text":"","src":"https:\/\/i0.wp.com\/www.orton-gillingham.fr\/wp-content\/uploads\/2019\/12\/Enfant-Adulte-lecon-300x195.jpg?resize=350%2C200","width":350,"height":200},"classes":[]},{"id":442,"url":"https:\/\/www.orton-gillingham.fr\/?page_id=442&lang=fr","url_meta":{"origin":12,"position":5},"title":"Vid\u00e9os","author":"","date":"1 septembre 2016","format":false,"excerpt":"Comment utiliser une des techniques de la m\u00e9thode OML, comme celle de d\u00e9composition des phon\u00e8mes des syllabes https:\/\/www.youtube.com\/watch?v=YJBLN8LiIYA Comment fabriquer votre support de cartes OML en tissu https:\/\/www.youtube.com\/watch?v=zEl0c4tNNmA&ab_channel=MethodeOML Pr\u00e9sentation de la m\u00e9thode en octobre 2021 https:\/\/youtu.be\/xIf_ETiEKQo Webinaire de pr\u00e9sentation de la m\u00e9thode OML, avril 2017 https:\/\/youtu.be\/6-L-GXmPJmU Pr\u00e9sentation de la m\u00e9thode\u2026","rel":"","context":"Article similaire","block_context":{"text":"Article similaire","link":""},"img":{"alt_text":"Couverture du cahier 2","src":"https:\/\/i0.wp.com\/www.orton-gillingham.fr\/wp-content\/uploads\/2015\/08\/Book2aD-CoverPreview1.jpeg?resize=350%2C200","width":350,"height":200,"srcset":"https:\/\/i0.wp.com\/www.orton-gillingham.fr\/wp-content\/uploads\/2015\/08\/Book2aD-CoverPreview1.jpeg?resize=350%2C200 1x, https:\/\/i0.wp.com\/www.orton-gillingham.fr\/wp-content\/uploads\/2015\/08\/Book2aD-CoverPreview1.jpeg?resize=525%2C300 1.5x, https:\/\/i0.wp.com\/www.orton-gillingham.fr\/wp-content\/uploads\/2015\/08\/Book2aD-CoverPreview1.jpeg?resize=700%2C400 2x"},"classes":[]}],"_links":{"self":[{"href":"https:\/\/www.orton-gillingham.fr\/index.php?rest_route=\/wp\/v2\/pages\/12","targetHints":{"allow":["GET"]}}],"collection":[{"href":"https:\/\/www.orton-gillingham.fr\/index.php?rest_route=\/wp\/v2\/pages"}],"about":[{"href":"https:\/\/www.orton-gillingham.fr\/index.php?rest_route=\/wp\/v2\/types\/page"}],"author":[{"embeddable":true,"href":"https:\/\/www.orton-gillingham.fr\/index.php?rest_route=\/wp\/v2\/users\/2"}],"replies":[{"embeddable":true,"href":"https:\/\/www.orton-gillingham.fr\/index.php?rest_route=%2Fwp%2Fv2%2Fcomments&post=12"}],"version-history":[{"count":19,"href":"https:\/\/www.orton-gillingham.fr\/index.php?rest_route=\/wp\/v2\/pages\/12\/revisions"}],"predecessor-version":[{"id":1020,"href":"https:\/\/www.orton-gillingham.fr\/index.php?rest_route=\/wp\/v2\/pages\/12\/revisions\/1020"}],"wp:attachment":[{"href":"https:\/\/www.orton-gillingham.fr\/index.php?rest_route=%2Fwp%2Fv2%2Fmedia&parent=12"}],"curies":[{"name":"wp","href":"https:\/\/api.w.org\/{rel}","templated":true}]}}